{"id":1581,"date":"2024-06-18T12:56:11","date_gmt":"2024-06-18T12:56:11","guid":{"rendered":"https:\/\/henconforestry.com\/cookies\/"},"modified":"2025-10-22T13:30:00","modified_gmt":"2025-10-22T13:30:00","slug":"cookies","status":"publish","type":"page","link":"https:\/\/henconforestry.com\/de\/cookies\/","title":{"rendered":"Cookies"},"content":{"rendered":"<div class=\"fusion-fullwidth fullwidth-box fusion-builder-row-1 fusion-flex-container has-pattern-background has-mask-background nonhundred-percent-fullwidth non-hundred-percent-height-scrolling\" style=\"--awb-border-radius-top-left:0px;--awb-border-radius-top-right:0px;--awb-border-radius-bottom-right:0px;--awb-border-radius-bottom-left:0px;--awb-flex-wrap:wrap;\" ><div class=\"fusion-builder-row fusion-row fusion-flex-align-items-flex-start fusion-flex-content-wrap\" style=\"max-width:calc( 1200px + 64px );margin-left: calc(-64px \/ 2 );margin-right: calc(-64px \/ 2 );\"><div class=\"fusion-layout-column fusion_builder_column fusion-builder-column-0 fusion_builder_column_1_1 1_1 fusion-flex-column\" style=\"--awb-bg-size:cover;--awb-width-large:100%;--awb-margin-top-large:0px;--awb-spacing-right-large:32px;--awb-margin-bottom-large:32px;--awb-spacing-left-large:32px;--awb-width-medium:100%;--awb-order-medium:0;--awb-spacing-right-medium:32px;--awb-spacing-left-medium:32px;--awb-width-small:100%;--awb-order-small:0;--awb-spacing-right-small:32px;--awb-spacing-left-small:32px;\"><div class=\"fusion-column-wrapper fusion-column-has-shadow fusion-flex-justify-content-flex-start fusion-content-layout-column\"><div class=\"fusion-text fusion-text-1\"><p data-start=\"0\" data-end=\"559\">Diese Website verwendet Cookies. Wir verwenden Cookies, um unsere Inhalte und Werbeanzeigen an deine Vorlieben anzupassen, um Funktionen f\u00fcr soziale Medien bereitzustellen und um den Datenverkehr auf unserer Website zu analysieren. Wir teilen au\u00dferdem Informationen \u00fcber deine Nutzung unserer Website mit unseren Partnern aus den Bereichen soziale Medien, Werbung und Analyse. Diese Partner k\u00f6nnen diese Daten mit weiteren Informationen kombinieren, die du ihnen zur Verf\u00fcgung gestellt hast oder die sie im Rahmen deiner Nutzung ihrer Dienste gesammelt haben.<\/p>\n<p data-start=\"561\" data-end=\"884\"><strong data-start=\"561\" data-end=\"582\">Was sind Cookies?<\/strong><br data-start=\"582\" data-end=\"585\" \/>Cookies sind kleine Textdateien, die eine Website verwenden kann, um dein Nutzungserlebnis zu verbessern. Laut Gesetz d\u00fcrfen wir Cookies auf deinem Ger\u00e4t speichern, wenn sie f\u00fcr den Betrieb der Website unbedingt erforderlich sind. F\u00fcr alle anderen Arten von Cookies ben\u00f6tigen wir deine Einwilligung.<\/p>\n<p data-start=\"886\" data-end=\"1187\">Diese Website verwendet verschiedene Arten von Cookies. Einige Cookies werden von externen Diensten gesetzt, die auf unseren Seiten angezeigt werden. In unserer Datenschutzerkl\u00e4rung erf\u00e4hrst du mehr dar\u00fcber, wer wir sind, wie du uns kontaktieren kannst und wie wir mit personenbezogenen Daten umgehen.<\/p>\n<p data-start=\"1189\" data-end=\"1277\" data-is-last-node=\"\" data-is-only-node=\"\">Unten findest du eine \u00dcbersicht aller Cookies, die auf unserer Website verwendet werden.<\/p>\n<\/div><div id=\"cc-cookie-declaration-table\">Cookie overzicht door Frappant<\/div><\/div><\/div><\/div><\/div>\n","protected":false},"excerpt":{"rendered":"","protected":false},"author":4,"featured_media":0,"parent":0,"menu_order":0,"comment_status":"closed","ping_status":"closed","template":"100-width.php","meta":{"footnotes":""},"class_list":["post-1581","page","type-page","status-publish","hentry"],"_links":{"self":[{"href":"https:\/\/henconforestry.com\/de\/wp-json\/wp\/v2\/pages\/1581","targetHints":{"allow":["GET"]}}],"collection":[{"href":"https:\/\/henconforestry.com\/de\/wp-json\/wp\/v2\/pages"}],"about":[{"href":"https:\/\/henconforestry.com\/de\/wp-json\/wp\/v2\/types\/page"}],"author":[{"embeddable":true,"href":"https:\/\/henconforestry.com\/de\/wp-json\/wp\/v2\/users\/4"}],"replies":[{"embeddable":true,"href":"https:\/\/henconforestry.com\/de\/wp-json\/wp\/v2\/comments?post=1581"}],"version-history":[{"count":3,"href":"https:\/\/henconforestry.com\/de\/wp-json\/wp\/v2\/pages\/1581\/revisions"}],"predecessor-version":[{"id":1888,"href":"https:\/\/henconforestry.com\/de\/wp-json\/wp\/v2\/pages\/1581\/revisions\/1888"}],"wp:attachment":[{"href":"https:\/\/henconforestry.com\/de\/wp-json\/wp\/v2\/media?parent=1581"}],"curies":[{"name":"wp","href":"https:\/\/api.w.org\/{rel}","templated":true}]}}