{"id":1379,"date":"2023-05-19T13:34:51","date_gmt":"2023-05-19T13:34:51","guid":{"rendered":"https:\/\/henconforestry.com\/occasions\/"},"modified":"2024-07-12T07:17:19","modified_gmt":"2024-07-12T07:17:19","slug":"gebrauchtmaschinen","status":"publish","type":"page","link":"https:\/\/henconforestry.com\/de\/gebrauchtmaschinen\/","title":{"rendered":"Gebrauchtmaschinen"},"content":{"rendered":"<p><div class=\"fusion-fullwidth fullwidth-box fusion-builder-row-1 fusion-flex-container nonhundred-percent-fullwidth non-hundred-percent-height-scrolling\" style=\"--awb-border-radius-top-left:0px;--awb-border-radius-top-right:0px;--awb-border-radius-bottom-right:0px;--awb-border-radius-bottom-left:0px;--awb-flex-wrap:wrap;\" ><div class=\"fusion-builder-row fusion-row fusion-flex-align-items-center fusion-flex-content-wrap\" style=\"max-width:calc( 1200px + 64px );margin-left: calc(-64px \/ 2 );margin-right: calc(-64px \/ 2 );\"><div class=\"fusion-layout-column fusion_builder_column fusion-builder-column-0 fusion_builder_column_1_1 1_1 fusion-flex-column\" style=\"--awb-bg-size:cover;--awb-width-large:100%;--awb-margin-top-large:0px;--awb-spacing-right-large:32px;--awb-margin-bottom-large:0px;--awb-spacing-left-large:32px;--awb-width-medium:100%;--awb-order-medium:0;--awb-spacing-right-medium:32px;--awb-spacing-left-medium:32px;--awb-width-small:100%;--awb-order-small:0;--awb-spacing-right-small:32px;--awb-spacing-left-small:32px;\"><div class=\"fusion-column-wrapper fusion-column-has-shadow fusion-flex-justify-content-flex-start fusion-content-layout-column\"><div class=\"fusion-title title fusion-title-1 fusion-sep-none fusion-title-text fusion-title-size-two\"><h2 class=\"fusion-title-heading title-heading-left\" style=\"margin:0;\">Gebrauchte Forstmaschinen<\/h2><\/div><div class=\"fusion-text fusion-text-1\"><p>Neben neuen Forstmaschinen k\u00f6nnen Sie bei uns auch gute Gebrauchtmaschinen erhalten, die wir aus eigener Inzahlungnahme bezogen haben. Dar\u00fcber hinaus sind wir st\u00e4ndig auf der Suche nach jungen gebrauchten John Deere Forstmaschinen, so dass wir kontinuierlich ab Lager liefern k\u00f6nnen.<\/p>\n<p>Alle Gebrauchtmaschinen werden bei ihrer Ankunft professionell gereinigt, inspiziert und optimiert, um sicherzustellen, dass sie sich in einem Topzustand befinden. Der Zustand der Maschine wird in einem Inspektionsbericht genau festgehalten, so dass Sie keine b\u00f6sen \u00dcberraschungen erleben werden. Haben Sie besondere W\u00fcnsche? Unsere gebrauchten Forstmaschinen k\u00f6nnen auch komplett nach Wunsch auslieferungsfertig gemacht werden.<\/p>\n<p>Nachstehend finden Sie eine aktuelle \u00dcbersicht unserer Gebrauchtmaschinen. Sind Sie auf der Suche nach einer bestimmten Maschine? Bitte kontaktieren Sie uns, wir helfen Ihnen gerne weiter!<\/p>\n<\/div><iframe src=\"https:\/\/dealers.mascus.com\/wellinkcaesar?language=DE\" width=\"720\" height=\"720\"><\/iframe><\/div><\/div><\/div><\/div><div class=\"fusion-fullwidth fullwidth-box fusion-builder-row-2 hundred-percent-fullwidth non-hundred-percent-height-scrolling\" style=\"--awb-border-radius-top-left:0px;--awb-border-radius-top-right:0px;--awb-border-radius-bottom-right:0px;--awb-border-radius-bottom-left:0px;--awb-background-color:#ffffff;--awb-flex-wrap:wrap;\" ><div class=\"fusion-builder-row fusion-row\"><div class=\"fusion-layout-column fusion_builder_column fusion-builder-column-1 fusion_builder_column_1_1 1_1 fusion-one-full fusion-column-first fusion-column-last\" style=\"--awb-bg-size:cover;\"><div class=\"fusion-column-wrapper fusion-column-has-shadow fusion-flex-column-wrapper-legacy\"><div class=\"fusion-title title fusion-title-2 fusion-sep-none fusion-title-center fusion-title-text fusion-title-size-two\"><h2 class=\"fusion-title-heading title-heading-center\" style=\"margin:0;\">Hencon Partner<\/h2><\/div><div class=\"swiper-container leveranciers-wrapper logo-slider\"><div class=\"swiper-wrapper\"><div class=\"swiper-slide leveranciers logo\"><a class=\"image-wrapper\" href=\"https:\/\/www.ecoforst.at\/t-winch-2\/\" target=\"blank\"><img decoding=\"async\" class=\"image\" src=\"https:\/\/henconforestry.com\/wp-content\/uploads\/2023\/11\/twinch.webp\"\/><\/a><\/div><div class=\"swiper-slide leveranciers logo\"><a class=\"image-wrapper\" href=\"https:\/\/www.ofa.fi\/fi-en\/products\/ofa-tracks\" target=\"blank\"><img decoding=\"async\" class=\"image\" src=\"https:\/\/henconforestry.com\/wp-content\/uploads\/2023\/11\/ofa.webp\"\/><\/a><\/div><div class=\"swiper-slide leveranciers logo\"><a class=\"image-wrapper\" href=\"https:\/\/www.baltrotors.com\/en\" target=\"blank\"><img decoding=\"async\" class=\"image\" src=\"https:\/\/henconforestry.com\/wp-content\/uploads\/2021\/05\/logo_baltrotors.jpg\"\/><\/a><\/div><div class=\"swiper-slide leveranciers logo\"><a class=\"image-wrapper\" href=\"https:\/\/www.clarktracks.com\/\" target=\"blank\"><img decoding=\"async\" class=\"image\" src=\"https:\/\/henconforestry.com\/wp-content\/uploads\/2021\/05\/logo_clarktracks.png\"\/><\/a><\/div><div class=\"swiper-slide leveranciers logo\"><a class=\"image-wrapper\" href=\"https:\/\/www.palfingerepsilon.com\/en\" target=\"blank\"><img decoding=\"async\" class=\"image\" src=\"https:\/\/henconforestry.com\/wp-content\/uploads\/2021\/05\/logo_epsilon_palfinger.jpg\"\/><\/a><\/div><div class=\"swiper-slide leveranciers logo\"><a class=\"image-wrapper\" href=\"https:\/\/www.hsp.se\/en\/hsp-gripen-english\/\" target=\"blank\"><img decoding=\"async\" class=\"image\" src=\"https:\/\/henconforestry.com\/wp-content\/uploads\/2021\/05\/logo_gripen.jpg\"\/><\/a><\/div><div class=\"swiper-slide leveranciers logo\"><a class=\"image-wrapper\" href=\"https:\/\/www.hultdins.se\/\" target=\"blank\"><img decoding=\"async\" class=\"image\" src=\"https:\/\/henconforestry.com\/wp-content\/uploads\/2021\/05\/logo_hultdins.jpg\"\/><\/a><\/div><div class=\"swiper-slide leveranciers logo\"><a class=\"image-wrapper\" href=\"https:\/\/indexator.se\/en-GB\/\" target=\"blank\"><img decoding=\"async\" class=\"image\" src=\"https:\/\/henconforestry.com\/wp-content\/uploads\/2021\/05\/logo_indexator.jpg\"\/><\/a><\/div><div class=\"swiper-slide leveranciers logo\"><a class=\"image-wrapper\" href=\"https:\/\/xltraction.com\/en\/\" target=\"blank\"><img decoding=\"async\" class=\"image\" src=\"https:\/\/henconforestry.com\/wp-content\/uploads\/2021\/05\/logo_xlt_tracks.jpg\"\/><\/a><\/div><div class=\"swiper-slide leveranciers logo\"><a class=\"image-wrapper\" href=\"https:\/\/www.waratah.com\/\" target=\"blank\"><img decoding=\"async\" class=\"image\" src=\"https:\/\/henconforestry.com\/wp-content\/uploads\/2021\/05\/logo_waratah.jpg\"\/><\/a><\/div><div class=\"swiper-slide leveranciers logo\"><a class=\"image-wrapper\" href=\"https:\/\/www.veriga-lesce.com\/products\/veriga-forest\/?lang=en\" target=\"blank\"><img decoding=\"async\" class=\"image\" src=\"https:\/\/henconforestry.com\/wp-content\/uploads\/2021\/05\/logo_veriga.jpg\"\/><\/a><\/div><div class=\"swiper-slide leveranciers logo\"><a class=\"image-wrapper\" href=\"https:\/\/koneosapalvelu.fi\/en\/product-category\/vahva-grapples\/\" target=\"blank\"><img decoding=\"async\" class=\"image\" src=\"https:\/\/henconforestry.com\/wp-content\/uploads\/2021\/05\/logo_vahva.jpg\"\/><\/a><\/div><div class=\"swiper-slide leveranciers logo\"><a class=\"image-wrapper\" href=\"https:\/\/www.pewag.com\/shop\/en\/forestry-3.html\" target=\"blank\"><img decoding=\"async\" class=\"image\" src=\"https:\/\/henconforestry.com\/wp-content\/uploads\/2021\/05\/logo_pewag.jpg\"\/><\/a><\/div><div class=\"swiper-slide leveranciers logo\"><a class=\"image-wrapper\" href=\"https:\/\/www.parker.com\/\" target=\"blank\"><img decoding=\"async\" class=\"image\" src=\"https:\/\/henconforestry.com\/wp-content\/uploads\/2021\/05\/logo_parker.jpg\"\/><\/a><\/div><div class=\"swiper-slide leveranciers logo\"><a class=\"image-wrapper\" href=\"https:\/\/www.olofsfors.com\/\" target=\"blank\"><img decoding=\"async\" class=\"image\" src=\"https:\/\/henconforestry.com\/wp-content\/uploads\/2021\/05\/logo_olofsfors.jpg\"\/><\/a><\/div><div class=\"swiper-slide leveranciers logo\"><a class=\"image-wrapper\" href=\"https:\/\/www.deere.co.uk\/en\/forestry\/\" target=\"blank\"><img decoding=\"async\" class=\"image\" src=\"https:\/\/henconforestry.com\/wp-content\/uploads\/2021\/05\/logo_john_deere.jpg\"\/><\/a><\/div><\/div><\/div><div class=\"fusion-clearfix\"><\/div><\/div><\/div><\/div><\/div>\n<\/p>\n","protected":false},"excerpt":{"rendered":"","protected":false},"author":1,"featured_media":0,"parent":0,"menu_order":0,"comment_status":"closed","ping_status":"closed","template":"100-width.php","meta":{"footnotes":""},"class_list":["post-1379","page","type-page","status-publish","hentry"],"_links":{"self":[{"href":"https:\/\/henconforestry.com\/de\/wp-json\/wp\/v2\/pages\/1379","targetHints":{"allow":["GET"]}}],"collection":[{"href":"https:\/\/henconforestry.com\/de\/wp-json\/wp\/v2\/pages"}],"about":[{"href":"https:\/\/henconforestry.com\/de\/wp-json\/wp\/v2\/types\/page"}],"author":[{"embeddable":true,"href":"https:\/\/henconforestry.com\/de\/wp-json\/wp\/v2\/users\/1"}],"replies":[{"embeddable":true,"href":"https:\/\/henconforestry.com\/de\/wp-json\/wp\/v2\/comments?post=1379"}],"version-history":[{"count":3,"href":"https:\/\/henconforestry.com\/de\/wp-json\/wp\/v2\/pages\/1379\/revisions"}],"predecessor-version":[{"id":1380,"href":"https:\/\/henconforestry.com\/de\/wp-json\/wp\/v2\/pages\/1379\/revisions\/1380"}],"wp:attachment":[{"href":"https:\/\/henconforestry.com\/de\/wp-json\/wp\/v2\/media?parent=1379"}],"curies":[{"name":"wp","href":"https:\/\/api.w.org\/{rel}","templated":true}]}}