{"id":1376,"date":"2021-05-17T13:22:24","date_gmt":"2021-05-17T13:22:24","guid":{"rendered":"https:\/\/henconforestry.com\/contact\/"},"modified":"2025-02-06T08:21:18","modified_gmt":"2025-02-06T08:21:18","slug":"kontakt","status":"publish","type":"page","link":"https:\/\/henconforestry.com\/de\/kontakt\/","title":{"rendered":"Kontakt"},"content":{"rendered":"<div class=\"fusion-fullwidth fullwidth-box fusion-builder-row-1 fusion-flex-container nonhundred-percent-fullwidth non-hundred-percent-height-scrolling\" style=\"--awb-border-radius-top-left:0px;--awb-border-radius-top-right:0px;--awb-border-radius-bottom-right:0px;--awb-border-radius-bottom-left:0px;--awb-flex-wrap:wrap;\" ><div class=\"fusion-builder-row fusion-row fusion-flex-align-items-flex-start fusion-flex-content-wrap\" style=\"max-width:calc( 1200px + 64px );margin-left: calc(-64px \/ 2 );margin-right: calc(-64px \/ 2 );\"><div class=\"fusion-layout-column fusion_builder_column fusion-builder-column-0 fusion_builder_column_1_1 1_1 fusion-flex-column\" style=\"--awb-bg-size:cover;--awb-width-large:100%;--awb-margin-top-large:0px;--awb-spacing-right-large:32px;--awb-margin-bottom-large:32px;--awb-spacing-left-large:32px;--awb-width-medium:100%;--awb-order-medium:0;--awb-spacing-right-medium:32px;--awb-spacing-left-medium:32px;--awb-width-small:100%;--awb-order-small:0;--awb-spacing-right-small:32px;--awb-spacing-left-small:32px;\"><div class=\"fusion-column-wrapper fusion-column-has-shadow fusion-flex-justify-content-flex-start fusion-content-layout-column\"><div class=\"fusion-title title fusion-title-1 fusion-sep-none fusion-title-text fusion-title-size-two\"><h2 class=\"fusion-title-heading title-heading-left\" style=\"margin:0;\">Kontakt<\/h2><\/div><\/div><\/div><div class=\"fusion-layout-column fusion_builder_column fusion-builder-column-1 fusion_builder_column_1_2 1_2 fusion-flex-column\" style=\"--awb-bg-size:cover;--awb-width-large:50%;--awb-margin-top-large:0px;--awb-spacing-right-large:32px;--awb-margin-bottom-large:32px;--awb-spacing-left-large:32px;--awb-width-medium:50%;--awb-order-medium:0;--awb-spacing-right-medium:32px;--awb-spacing-left-medium:32px;--awb-width-small:100%;--awb-order-small:0;--awb-spacing-right-small:32px;--awb-spacing-left-small:32px;\"><div class=\"fusion-column-wrapper fusion-column-has-shadow fusion-flex-justify-content-flex-start fusion-content-layout-column\"><div class=\"fusion-title title fusion-title-2 fusion-sep-none fusion-title-text fusion-title-size-three\"><h3 class=\"fusion-title-heading title-heading-left\" style=\"margin:0;\">Hencon Forestry B.V.<\/h3><\/div><div class=\"fusion-text fusion-text-1\"><p><strong>Adresse<br \/>\n<\/strong>De Bolanden 9<br \/>\n7071 PW Ulft<br \/>\nNiederlande<\/p>\n<p><strong>Postanschrift<br \/>\n<\/strong>Postbus 16<br \/>\n7070 AA Ulft<br \/>\nNiederland<\/p>\n<p><strong>Chamber of Commerce reg no. <\/strong>09185218<br \/>\n<strong>IBAN\u00a0<\/strong>NL14 ABNA 0243 6271 57<br \/>\n<strong>BIC\/SWIFT<\/strong> ABNA NL2a<br \/>\n<strong>VAT no.<\/strong> NL819734457B01<\/p>\n<p><strong>Kontakt<br \/>\nE<\/strong> <a href=\"mailto:info@henconforestry.com\">info@henconforestry.com<\/a><strong><br \/>\nT <\/strong><a href=\"tel:+31315695470\">+31 (0)315 \u2013 69 54 70<\/a><\/p>\n<\/div><\/div><\/div><div class=\"fusion-layout-column fusion_builder_column fusion-builder-column-2 fusion_builder_column_1_2 1_2 fusion-flex-column\" style=\"--awb-bg-size:cover;--awb-width-large:50%;--awb-margin-top-large:0px;--awb-spacing-right-large:32px;--awb-margin-bottom-large:32px;--awb-spacing-left-large:32px;--awb-width-medium:50%;--awb-order-medium:0;--awb-spacing-right-medium:32px;--awb-spacing-left-medium:32px;--awb-width-small:100%;--awb-order-small:0;--awb-spacing-right-small:32px;--awb-spacing-left-small:32px;\"><div class=\"fusion-column-wrapper fusion-column-has-shadow fusion-flex-justify-content-flex-start fusion-content-layout-column\"><div class=\"fusion-title title fusion-title-3 fusion-sep-none fusion-title-text fusion-title-size-three\"><h3 class=\"fusion-title-heading title-heading-left\" style=\"margin:0;\">Hencon Forestry GmbH<\/h3><\/div><div class=\"fusion-text fusion-text-2\"><p><strong>Adresse<\/strong><br \/>\nAm S\u00e4gewerk 8<br \/>\n56459 Brandscheid<br \/>\nDeutschland<\/p>\n<p><strong>Handelsregister des Amtsgerichts Montabaur<\/strong><br \/>\nHRB Nr. 29042<br \/>\nGesch\u00e4ftsf\u00fchrer Dirk-Jan Winkelhorst<\/p>\n<p><strong>MwSt. Id.Nr.<\/strong> DE360514995<br \/>\n<strong>Bankverbindung Commerzbank;<\/strong><br \/>\n<strong>IBAN<\/strong> DE70 4604 0033 0813 5501 00<br \/>\n<strong>BIC<\/strong> COBADEFFXXX<\/p>\n<p><strong>Kontakt<br \/>\nE <\/strong><a href=\"mailto:info@henconforestry.com\">info@henconforestry.com<\/a><strong><br \/>\nT <\/strong><a href=\"tel:+49 2663 9688970\">+49 2663 9688970<\/a><\/p>\n<\/div><\/div><\/div><div class=\"fusion-layout-column fusion_builder_column fusion-builder-column-3 fusion_builder_column_1_1 1_1 fusion-flex-column\" style=\"--awb-bg-size:cover;--awb-width-large:100%;--awb-margin-top-large:0px;--awb-spacing-right-large:32px;--awb-margin-bottom-large:32px;--awb-spacing-left-large:32px;--awb-width-medium:100%;--awb-order-medium:0;--awb-spacing-right-medium:32px;--awb-spacing-left-medium:32px;--awb-width-small:100%;--awb-order-small:0;--awb-spacing-right-small:32px;--awb-spacing-left-small:32px;\"><div class=\"fusion-column-wrapper fusion-column-has-shadow fusion-flex-justify-content-flex-start fusion-content-layout-column\"><div class=\"fusion-title title fusion-title-4 fusion-sep-none fusion-title-text fusion-title-size-three\"><h3 class=\"fusion-title-heading title-heading-left\" style=\"margin:0;\">\u00d6ffnungszeiten<\/h3><\/div>\n<div class=\"table-1\" style=\"--awb-margin-bottom:32px;\">\n<table width=\"100%\">\n<thead>\n<tr>\n<th align=\"left\"><strong>Hencon Forestry B.V. Ulft<\/strong><\/th>\n<th align=\"left\"><\/th>\n<\/tr>\n<\/thead>\n<tbody>\n<tr>\n<td align=\"left\">Montag bis Donnerstag<\/td>\n<td align=\"left\">07:30 &#8211; 16:30 Uhr<\/td>\n<\/tr>\n<tr>\n<td align=\"left\">Freitag<\/td>\n<td align=\"left\">07:30 &#8211; 15:30 Uhr<\/td>\n<\/tr>\n<\/tbody>\n<\/table>\n<\/div>\n\n<div class=\"table-1\">\n<table width=\"100%\">\n<thead>\n<tr>\n<th align=\"left\"><strong>Hencon Forestry GmbH Brandscheid<\/strong><\/th>\n<th align=\"left\"><\/th>\n<\/tr>\n<\/thead>\n<tbody>\n<tr>\n<td align=\"left\">Montag bis Donnerstag<\/td>\n<td align=\"left\">07:30 &#8211; 16:30 Uhr<\/td>\n<\/tr>\n<tr>\n<td align=\"left\">Freitag<\/td>\n<td align=\"left\">(vor\u00fcbergehend) geschlossen<\/td>\n<\/tr>\n<\/tbody>\n<\/table>\n<\/div>\n<div class=\"fusion-text fusion-text-3\" style=\"--awb-margin-top:32px;\"><p><strong>St\u00f6rungen<\/strong><br \/>\nBei dringenden St\u00f6rungen au\u00dferhalb unserer \u00d6ffnungszeiten ist es m\u00f6glich, unsere St\u00f6rungsnummer anzurufen: <strong>+31 &#8211; (0)6 23 60 61 56<\/strong>. Dies ist von Montag bis Freitag von <strong>17:00 bis 20:30<\/strong> Uhr und am Samstag von <strong>09:00 bis 15:00<\/strong> Uhr m\u00f6glich..<\/p>\n<\/div><\/div><\/div><div class=\"fusion-layout-column fusion_builder_column fusion-builder-column-4 fusion_builder_column_1_1 1_1 fusion-flex-column\" style=\"--awb-bg-size:cover;--awb-width-large:100%;--awb-margin-top-large:40px;--awb-spacing-right-large:32px;--awb-margin-bottom-large:32px;--awb-spacing-left-large:32px;--awb-width-medium:100%;--awb-order-medium:0;--awb-spacing-right-medium:32px;--awb-spacing-left-medium:32px;--awb-width-small:100%;--awb-order-small:0;--awb-spacing-right-small:32px;--awb-spacing-left-small:32px;\"><div class=\"fusion-column-wrapper fusion-column-has-shadow fusion-flex-justify-content-flex-start fusion-content-layout-column\"><div class=\"fusion-title title fusion-title-5 fusion-sep-none fusion-title-text fusion-title-size-three\"><h3 class=\"fusion-title-heading title-heading-left\" style=\"margin:0;\">Kontakt<\/h3><\/div><div class=\"fusion-text fusion-text-4\"><p><strong>T<\/strong>\u00a0<a href=\"tel:+31315685470\" target=\"_blank\" rel=\"noopener\">+31 (0)315 &#8211; 69 54 70<\/a><br \/>\n<strong>F<\/strong>\u00a0<a href=\"tel:+31315695479\">+31 (0)315 &#8211; 69 54 79<\/a><br \/>\n<strong>M <\/strong>06 12 18 56 08\u00a0<em>(Whatsapp f\u00fcr Ersatzteile)<\/em><\/p>\n<p>Allgemein: <a href=\"mailto:info@henconforestry.com\">info@henconforestry.com<\/a><br \/>\nVerkauf Maschinen: <a href=\"mailto:sales@henconforestry.com\">sales@henconforestry.com<\/a><br \/>\nVerwaltung: <a href=\"mailto:finance@henconforestry.com\">finance@henconforestry.com<\/a><br \/>\nVerkauf Ersatzteile: <a href=\"mailto:parts@henconforestry.com\">parts@henconforestry.com<\/a><br \/>\nWerkstatt Ulft: <a href=\"mailto:workshopulft@henconforestry.com\">workshopulft@henconforestry.com<\/a><br \/>\nSupport: <a href=\"mailto:support@henconforestry.com\">support@henconforestry.com<\/a><\/p>\n<\/div><div class=\"wpforms-container wpforms-container-full\" id=\"wpforms-108\"><form id=\"wpforms-form-108\" class=\"wpforms-validate wpforms-form\" data-formid=\"108\" method=\"post\" enctype=\"multipart\/form-data\" action=\"\/de\/wp-json\/wp\/v2\/pages\/1376\" data-token=\"3117913165bcb2f2c3a508fe74b3487f\" data-token-time=\"1776960383\"><noscript class=\"wpforms-error-noscript\">Bitte aktiviere JavaScript in deinem Browser, um dieses Formular fertigzustellen.<\/noscript><div class=\"wpforms-field-container\"><div id=\"wpforms-108-field_1-container\" class=\"wpforms-field wpforms-field-text\" data-field-id=\"1\"><label class=\"wpforms-field-label wpforms-label-hide\" for=\"wpforms-108-field_1\">Name <span class=\"wpforms-required-label\">*<\/span><\/label><input type=\"text\" id=\"wpforms-108-field_1\" class=\"wpforms-field-medium wpforms-field-required\" name=\"wpforms[fields][1]\" placeholder=\"Name\" required><\/div><div id=\"wpforms-108-field_2-container\" class=\"wpforms-field wpforms-field-text\" data-field-id=\"2\"><label class=\"wpforms-field-label wpforms-label-hide\" for=\"wpforms-108-field_2\">E-mailadresse <span class=\"wpforms-required-label\">*<\/span><\/label><input type=\"text\" id=\"wpforms-108-field_2\" class=\"wpforms-field-medium wpforms-field-required\" name=\"wpforms[fields][2]\" placeholder=\"E-mailadresse\" required><\/div><div id=\"wpforms-108-field_3-container\" class=\"wpforms-field wpforms-field-textarea\" data-field-id=\"3\"><label class=\"wpforms-field-label wpforms-label-hide\" for=\"wpforms-108-field_3\">Nachricht <span class=\"wpforms-required-label\">*<\/span><\/label><textarea id=\"wpforms-108-field_3\" class=\"wpforms-field-medium wpforms-field-required\" name=\"wpforms[fields][3]\" placeholder=\"Geben Sie hier Ihre Nachricht ein\" required><\/textarea><\/div><div id=\"wpforms-108-field_4-container\" class=\"wpforms-field wpforms-field-html\" data-field-id=\"4\"><div id=\"wpforms-108-field_4\"><span class=\"recaptcha-text\">Diese Website ist durch reCAPTCHA gestutst und es gelten die <a href=\"https:\/\/policies.google.com\/privacy\" target=\"_blank\">Datenschutzbestimmungen<\/a> und <a href=\"https:\/\/policies.google.com\/terms\" target=\"_blank\">Nutzungsbedingungen<\/a> von Google.<\/span><\/div><\/div><\/div><!-- .wpforms-field-container --><div class=\"wpforms-recaptcha-container wpforms-is-recaptcha wpforms-is-recaptcha-type-v3\" ><input type=\"hidden\" name=\"wpforms[recaptcha]\" value=\"\"><\/div><div class=\"wpforms-submit-container\" ><input type=\"hidden\" name=\"wpforms[id]\" value=\"108\"><input type=\"hidden\" name=\"page_title\" value=\"\"><input type=\"hidden\" name=\"page_url\" value=\"https:\/\/henconforestry.com\/de\/wp-json\/wp\/v2\/pages\/1376\"><button type=\"submit\" name=\"wpforms[submit]\" id=\"wpforms-submit-108\" class=\"wpforms-submit submit-button\" data-alt-text=\"Senden...\" data-submit-text=\"Nachricht versenden\" aria-live=\"assertive\" value=\"wpforms-submit\">Nachricht versenden<\/button><\/div><\/form><\/div>  <!-- .wpforms-container --><\/div><\/div><\/div><\/div>\n","protected":false},"excerpt":{"rendered":"","protected":false},"author":1,"featured_media":0,"parent":0,"menu_order":0,"comment_status":"closed","ping_status":"closed","template":"100-width.php","meta":{"footnotes":""},"class_list":["post-1376","page","type-page","status-publish","hentry"],"_links":{"self":[{"href":"https:\/\/henconforestry.com\/de\/wp-json\/wp\/v2\/pages\/1376","targetHints":{"allow":["GET"]}}],"collection":[{"href":"https:\/\/henconforestry.com\/de\/wp-json\/wp\/v2\/pages"}],"about":[{"href":"https:\/\/henconforestry.com\/de\/wp-json\/wp\/v2\/types\/page"}],"author":[{"embeddable":true,"href":"https:\/\/henconforestry.com\/de\/wp-json\/wp\/v2\/users\/1"}],"replies":[{"embeddable":true,"href":"https:\/\/henconforestry.com\/de\/wp-json\/wp\/v2\/comments?post=1376"}],"version-history":[{"count":23,"href":"https:\/\/henconforestry.com\/de\/wp-json\/wp\/v2\/pages\/1376\/revisions"}],"predecessor-version":[{"id":1794,"href":"https:\/\/henconforestry.com\/de\/wp-json\/wp\/v2\/pages\/1376\/revisions\/1794"}],"wp:attachment":[{"href":"https:\/\/henconforestry.com\/de\/wp-json\/wp\/v2\/media?parent=1376"}],"curies":[{"name":"wp","href":"https:\/\/api.w.org\/{rel}","templated":true}]}}