{"id":1358,"date":"2021-05-27T07:44:43","date_gmt":"2021-05-27T07:44:43","guid":{"rendered":"https:\/\/henconforestry.com\/service\/financieel\/"},"modified":"2024-07-12T07:18:05","modified_gmt":"2024-07-12T07:18:05","slug":"finanziell","status":"publish","type":"page","link":"https:\/\/henconforestry.com\/de\/wartung\/finanziell\/","title":{"rendered":"Finanziell"},"content":{"rendered":"<p><div class=\"fusion-fullwidth fullwidth-box fusion-builder-row-1 fusion-flex-container nonhundred-percent-fullwidth non-hundred-percent-height-scrolling\" style=\"--awb-border-radius-top-left:0px;--awb-border-radius-top-right:0px;--awb-border-radius-bottom-right:0px;--awb-border-radius-bottom-left:0px;--awb-flex-wrap:wrap;\" ><div class=\"fusion-builder-row fusion-row fusion-flex-align-items-center fusion-flex-content-wrap\" style=\"max-width:calc( 1200px + 64px );margin-left: calc(-64px \/ 2 );margin-right: calc(-64px \/ 2 );\"><div class=\"fusion-layout-column fusion_builder_column fusion-builder-column-0 fusion_builder_column_1_1 1_1 fusion-flex-column\" style=\"--awb-bg-size:cover;--awb-width-large:100%;--awb-margin-top-large:0px;--awb-spacing-right-large:32px;--awb-margin-bottom-large:0px;--awb-spacing-left-large:32px;--awb-width-medium:100%;--awb-order-medium:0;--awb-spacing-right-medium:32px;--awb-spacing-left-medium:32px;--awb-width-small:100%;--awb-order-small:0;--awb-spacing-right-small:32px;--awb-spacing-left-small:32px;\"><div class=\"fusion-column-wrapper fusion-column-has-shadow fusion-flex-justify-content-flex-start fusion-content-layout-column\"><div class=\"fusion-title title fusion-title-1 fusion-sep-none fusion-title-text fusion-title-size-two\"><h2 class=\"fusion-title-heading title-heading-left\" style=\"margin:0;\">Finanzierung<\/h2><\/div><div class=\"fusion-text fusion-text-1\"><p>Gerne besprechen wir mit Ihnen verschiedene Finanzierungsm\u00f6glichkeiten f\u00fcr John Deere Forstmaschinen. Wir bieten auch Leasingoptionen f\u00fcr neue und gebrauchte Maschinen an.<\/p>\n<\/div><\/div><\/div><div class=\"fusion-layout-column fusion_builder_column fusion-builder-column-1 fusion_builder_column_2_5 2_5 fusion-flex-column\" style=\"--awb-bg-size:cover;--awb-width-large:40%;--awb-margin-top-large:0px;--awb-spacing-right-large:32px;--awb-margin-bottom-large:32px;--awb-spacing-left-large:32px;--awb-width-medium:40%;--awb-order-medium:0;--awb-spacing-right-medium:32px;--awb-spacing-left-medium:32px;--awb-width-small:100%;--awb-order-small:0;--awb-spacing-right-small:32px;--awb-spacing-left-small:32px;\"><div class=\"fusion-column-wrapper fusion-column-has-shadow fusion-flex-justify-content-flex-start fusion-content-layout-column\"><div class=\"fusion-image-element \" style=\"--awb-caption-title-font-family:var(--h2_typography-font-family);--awb-caption-title-font-weight:var(--h2_typography-font-weight);--awb-caption-title-font-style:var(--h2_typography-font-style);--awb-caption-title-size:var(--h2_typography-font-size);--awb-caption-title-transform:var(--h2_typography-text-transform);--awb-caption-title-line-height:var(--h2_typography-line-height);--awb-caption-title-letter-spacing:var(--h2_typography-letter-spacing);\"><span class=\" fusion-imageframe imageframe-none imageframe-1 hover-type-none\"><img decoding=\"async\" width=\"600\" height=\"600\" title=\"financial-square\" src=\"https:\/\/henconforestry.com\/wp-content\/uploads\/2021\/10\/financial-square.jpg\" alt class=\"img-responsive wp-image-1371\" srcset=\"https:\/\/henconforestry.com\/wp-content\/uploads\/2021\/10\/financial-square-200x200.jpg 200w, https:\/\/henconforestry.com\/wp-content\/uploads\/2021\/10\/financial-square-400x400.jpg 400w, https:\/\/henconforestry.com\/wp-content\/uploads\/2021\/10\/financial-square.jpg 600w\" sizes=\"(max-width: 640px) 100vw, 600px\" \/><\/span><\/div><\/div><\/div><div class=\"fusion-layout-column fusion_builder_column fusion-builder-column-2 fusion_builder_column_3_5 3_5 fusion-flex-column\" style=\"--awb-bg-size:cover;--awb-width-large:60%;--awb-margin-top-large:0px;--awb-spacing-right-large:32px;--awb-margin-bottom-large:32px;--awb-spacing-left-large:32px;--awb-width-medium:60%;--awb-order-medium:0;--awb-spacing-right-medium:32px;--awb-spacing-left-medium:32px;--awb-width-small:100%;--awb-order-small:0;--awb-spacing-right-small:32px;--awb-spacing-left-small:32px;\"><div class=\"fusion-column-wrapper fusion-column-has-shadow fusion-flex-justify-content-flex-start fusion-content-layout-column\"><div class=\"fusion-title title fusion-title-2 fusion-sep-none fusion-title-text fusion-title-size-four\"><h4 class=\"fusion-title-heading title-heading-left\" style=\"margin:0;\">Die Vorteile des Leasings f\u00fcr Sie als Kunde<\/h4><\/div><div class=\"fusion-text fusion-text-2\"><ul>\n<li>Finanzierung Ihrer Maschine bis zu 100% m\u00f6glich<\/li>\n<li>Klarheit: Jeden Monat die gleichen Fixkosten<\/li>\n<li>Jederzeit Zugang zu den neuesten Ger\u00e4ten<\/li>\n<li>Die Kreditvergabekapazit\u00e4t der Bank bleibt intakt<\/li>\n<\/ul>\n<\/div><\/div><\/div><div class=\"fusion-layout-column fusion_builder_column fusion-builder-column-3 fusion_builder_column_1_1 1_1 fusion-flex-column\" style=\"--awb-bg-size:cover;--awb-width-large:100%;--awb-margin-top-large:0px;--awb-spacing-right-large:32px;--awb-margin-bottom-large:0px;--awb-spacing-left-large:32px;--awb-width-medium:100%;--awb-order-medium:0;--awb-spacing-right-medium:32px;--awb-spacing-left-medium:32px;--awb-width-small:100%;--awb-order-small:0;--awb-spacing-right-small:32px;--awb-spacing-left-small:32px;\"><div class=\"fusion-column-wrapper fusion-column-has-shadow fusion-flex-justify-content-flex-start fusion-content-layout-column\"><div class=\"fusion-text fusion-text-3\"><p>M\u00f6chten Sie die M\u00f6glichkeiten mit uns besprechen?\u00a0 Dann f\u00fcllen Sie das unterstehende Formular aus und wir werden Sie kontaktieren!<\/p>\n<\/div><div class=\"wpforms-container wpforms-container-full\" id=\"wpforms-1097\"><form id=\"wpforms-form-1097\" class=\"wpforms-validate wpforms-form wpforms-ajax-form\" data-formid=\"1097\" method=\"post\" enctype=\"multipart\/form-data\" action=\"\/de\/wp-json\/wp\/v2\/pages\/1358\" data-token=\"ac706621986742c86994f927a91cfe3e\" data-token-time=\"1776667497\"><noscript class=\"wpforms-error-noscript\">Bitte aktiviere JavaScript in deinem Browser, um dieses Formular fertigzustellen.<\/noscript><div class=\"wpforms-field-container\"><div id=\"wpforms-1097-field_1-container\" class=\"wpforms-field wpforms-field-text\" data-field-id=\"1\"><label class=\"wpforms-field-label wpforms-label-hide\" for=\"wpforms-1097-field_1\">Name <span class=\"wpforms-required-label\">*<\/span><\/label><input type=\"text\" id=\"wpforms-1097-field_1\" class=\"wpforms-field-medium wpforms-field-required\" name=\"wpforms[fields][1]\" placeholder=\"Name\" required><\/div><div id=\"wpforms-1097-field_2-container\" class=\"wpforms-field wpforms-field-text\" data-field-id=\"2\"><label class=\"wpforms-field-label wpforms-label-hide\" for=\"wpforms-1097-field_2\">Firmenname<\/label><input type=\"text\" id=\"wpforms-1097-field_2\" class=\"wpforms-field-medium\" name=\"wpforms[fields][2]\" placeholder=\"Firmenname\" ><\/div><div id=\"wpforms-1097-field_3-container\" class=\"wpforms-field wpforms-field-email\" data-field-id=\"3\"><label class=\"wpforms-field-label wpforms-label-hide\" for=\"wpforms-1097-field_3\">E-mailadresse <span class=\"wpforms-required-label\">*<\/span><\/label><input type=\"email\" id=\"wpforms-1097-field_3\" class=\"wpforms-field-medium wpforms-field-required\" name=\"wpforms[fields][3]\" placeholder=\"E-mailadresse\" spellcheck=\"false\" required><\/div><div id=\"wpforms-1097-field_4-container\" class=\"wpforms-field wpforms-field-text\" data-field-id=\"4\"><label class=\"wpforms-field-label wpforms-label-hide\" for=\"wpforms-1097-field_4\">Telefonnummer <span class=\"wpforms-required-label\">*<\/span><\/label><input type=\"text\" id=\"wpforms-1097-field_4\" class=\"wpforms-field-medium wpforms-field-required\" name=\"wpforms[fields][4]\" placeholder=\"Telefonnummer\" required><\/div><\/div><!-- .wpforms-field-container --><div class=\"wpforms-recaptcha-container wpforms-is-recaptcha wpforms-is-recaptcha-type-v3\" ><input type=\"hidden\" name=\"wpforms[recaptcha]\" value=\"\"><\/div><div class=\"wpforms-submit-container\" ><input type=\"hidden\" name=\"wpforms[id]\" value=\"1097\"><input type=\"hidden\" name=\"page_title\" value=\"\"><input type=\"hidden\" name=\"page_url\" value=\"https:\/\/henconforestry.com\/de\/wp-json\/wp\/v2\/pages\/1358\"><button type=\"submit\" name=\"wpforms[submit]\" id=\"wpforms-submit-1097\" class=\"wpforms-submit\" data-alt-text=\"Senden\" data-submit-text=\" Bitte kontaktieren Sie mich\n\" aria-live=\"assertive\" value=\"wpforms-submit\"> Bitte kontaktieren Sie mich\n<\/button><img decoding=\"async\" src=\"https:\/\/henconforestry.com\/wp-content\/plugins\/wpforms\/assets\/images\/submit-spin.svg\" class=\"wpforms-submit-spinner\" style=\"display: none;\" width=\"26\" height=\"26\" alt=\"Wird geladen\"><\/div><\/form><\/div>  <!-- .wpforms-container -->\t<\/div><\/div><\/div><\/div><div class=\"fusion-fullwidth fullwidth-box fusion-builder-row-2 hundred-percent-fullwidth non-hundred-percent-height-scrolling\" style=\"--awb-border-radius-top-left:0px;--awb-border-radius-top-right:0px;--awb-border-radius-bottom-right:0px;--awb-border-radius-bottom-left:0px;--awb-background-color:#ffffff;--awb-flex-wrap:wrap;\" ><div class=\"fusion-builder-row fusion-row\"><div class=\"fusion-layout-column fusion_builder_column fusion-builder-column-4 fusion_builder_column_1_1 1_1 fusion-one-full fusion-column-first fusion-column-last\" style=\"--awb-bg-size:cover;\"><div class=\"fusion-column-wrapper fusion-column-has-shadow fusion-flex-column-wrapper-legacy\"><div class=\"fusion-title title fusion-title-3 fusion-sep-none fusion-title-center fusion-title-text fusion-title-size-two\"><h2 class=\"fusion-title-heading title-heading-center\" style=\"margin:0;\">Hencon Partner<\/h2><\/div><div class=\"swiper-container leveranciers-wrapper logo-slider\"><div class=\"swiper-wrapper\"><div class=\"swiper-slide leveranciers logo\"><a class=\"image-wrapper\" href=\"https:\/\/www.ecoforst.at\/t-winch-2\/\" target=\"blank\"><img decoding=\"async\" class=\"image\" src=\"https:\/\/henconforestry.com\/wp-content\/uploads\/2023\/11\/twinch.webp\"\/><\/a><\/div><div class=\"swiper-slide leveranciers logo\"><a class=\"image-wrapper\" href=\"https:\/\/www.ofa.fi\/fi-en\/products\/ofa-tracks\" target=\"blank\"><img decoding=\"async\" class=\"image\" src=\"https:\/\/henconforestry.com\/wp-content\/uploads\/2023\/11\/ofa.webp\"\/><\/a><\/div><div class=\"swiper-slide leveranciers logo\"><a class=\"image-wrapper\" href=\"https:\/\/www.baltrotors.com\/en\" target=\"blank\"><img decoding=\"async\" class=\"image\" src=\"https:\/\/henconforestry.com\/wp-content\/uploads\/2021\/05\/logo_baltrotors.jpg\"\/><\/a><\/div><div class=\"swiper-slide leveranciers logo\"><a class=\"image-wrapper\" href=\"https:\/\/www.clarktracks.com\/\" target=\"blank\"><img decoding=\"async\" class=\"image\" src=\"https:\/\/henconforestry.com\/wp-content\/uploads\/2021\/05\/logo_clarktracks.png\"\/><\/a><\/div><div class=\"swiper-slide leveranciers logo\"><a class=\"image-wrapper\" href=\"https:\/\/www.palfingerepsilon.com\/en\" target=\"blank\"><img decoding=\"async\" class=\"image\" src=\"https:\/\/henconforestry.com\/wp-content\/uploads\/2021\/05\/logo_epsilon_palfinger.jpg\"\/><\/a><\/div><div class=\"swiper-slide leveranciers logo\"><a class=\"image-wrapper\" href=\"https:\/\/www.hsp.se\/en\/hsp-gripen-english\/\" target=\"blank\"><img decoding=\"async\" class=\"image\" src=\"https:\/\/henconforestry.com\/wp-content\/uploads\/2021\/05\/logo_gripen.jpg\"\/><\/a><\/div><div class=\"swiper-slide leveranciers logo\"><a class=\"image-wrapper\" href=\"https:\/\/www.hultdins.se\/\" target=\"blank\"><img decoding=\"async\" class=\"image\" src=\"https:\/\/henconforestry.com\/wp-content\/uploads\/2021\/05\/logo_hultdins.jpg\"\/><\/a><\/div><div class=\"swiper-slide leveranciers logo\"><a class=\"image-wrapper\" href=\"https:\/\/indexator.se\/en-GB\/\" target=\"blank\"><img decoding=\"async\" class=\"image\" src=\"https:\/\/henconforestry.com\/wp-content\/uploads\/2021\/05\/logo_indexator.jpg\"\/><\/a><\/div><div class=\"swiper-slide leveranciers logo\"><a class=\"image-wrapper\" href=\"https:\/\/xltraction.com\/en\/\" target=\"blank\"><img decoding=\"async\" class=\"image\" src=\"https:\/\/henconforestry.com\/wp-content\/uploads\/2021\/05\/logo_xlt_tracks.jpg\"\/><\/a><\/div><div class=\"swiper-slide leveranciers logo\"><a class=\"image-wrapper\" href=\"https:\/\/www.waratah.com\/\" target=\"blank\"><img decoding=\"async\" class=\"image\" src=\"https:\/\/henconforestry.com\/wp-content\/uploads\/2021\/05\/logo_waratah.jpg\"\/><\/a><\/div><div class=\"swiper-slide leveranciers logo\"><a class=\"image-wrapper\" href=\"https:\/\/www.veriga-lesce.com\/products\/veriga-forest\/?lang=en\" target=\"blank\"><img decoding=\"async\" class=\"image\" src=\"https:\/\/henconforestry.com\/wp-content\/uploads\/2021\/05\/logo_veriga.jpg\"\/><\/a><\/div><div class=\"swiper-slide leveranciers logo\"><a class=\"image-wrapper\" href=\"https:\/\/koneosapalvelu.fi\/en\/product-category\/vahva-grapples\/\" target=\"blank\"><img decoding=\"async\" class=\"image\" src=\"https:\/\/henconforestry.com\/wp-content\/uploads\/2021\/05\/logo_vahva.jpg\"\/><\/a><\/div><div class=\"swiper-slide leveranciers logo\"><a class=\"image-wrapper\" href=\"https:\/\/www.pewag.com\/shop\/en\/forestry-3.html\" target=\"blank\"><img decoding=\"async\" class=\"image\" src=\"https:\/\/henconforestry.com\/wp-content\/uploads\/2021\/05\/logo_pewag.jpg\"\/><\/a><\/div><div class=\"swiper-slide leveranciers logo\"><a class=\"image-wrapper\" href=\"https:\/\/www.parker.com\/\" target=\"blank\"><img decoding=\"async\" class=\"image\" src=\"https:\/\/henconforestry.com\/wp-content\/uploads\/2021\/05\/logo_parker.jpg\"\/><\/a><\/div><div class=\"swiper-slide leveranciers logo\"><a class=\"image-wrapper\" href=\"https:\/\/www.olofsfors.com\/\" target=\"blank\"><img decoding=\"async\" class=\"image\" src=\"https:\/\/henconforestry.com\/wp-content\/uploads\/2021\/05\/logo_olofsfors.jpg\"\/><\/a><\/div><div class=\"swiper-slide leveranciers logo\"><a class=\"image-wrapper\" href=\"https:\/\/www.deere.co.uk\/en\/forestry\/\" target=\"blank\"><img decoding=\"async\" class=\"image\" src=\"https:\/\/henconforestry.com\/wp-content\/uploads\/2021\/05\/logo_john_deere.jpg\"\/><\/a><\/div><\/div><\/div><div class=\"fusion-clearfix\"><\/div><\/div><\/div><\/div><\/div>\n<\/p>\n","protected":false},"excerpt":{"rendered":"","protected":false},"author":1,"featured_media":0,"parent":1351,"menu_order":0,"comment_status":"closed","ping_status":"closed","template":"100-width.php","meta":{"footnotes":""},"class_list":["post-1358","page","type-page","status-publish","hentry"],"_links":{"self":[{"href":"https:\/\/henconforestry.com\/de\/wp-json\/wp\/v2\/pages\/1358","targetHints":{"allow":["GET"]}}],"collection":[{"href":"https:\/\/henconforestry.com\/de\/wp-json\/wp\/v2\/pages"}],"about":[{"href":"https:\/\/henconforestry.com\/de\/wp-json\/wp\/v2\/types\/page"}],"author":[{"embeddable":true,"href":"https:\/\/henconforestry.com\/de\/wp-json\/wp\/v2\/users\/1"}],"replies":[{"embeddable":true,"href":"https:\/\/henconforestry.com\/de\/wp-json\/wp\/v2\/comments?post=1358"}],"version-history":[{"count":4,"href":"https:\/\/henconforestry.com\/de\/wp-json\/wp\/v2\/pages\/1358\/revisions"}],"predecessor-version":[{"id":1488,"href":"https:\/\/henconforestry.com\/de\/wp-json\/wp\/v2\/pages\/1358\/revisions\/1488"}],"up":[{"embeddable":true,"href":"https:\/\/henconforestry.com\/de\/wp-json\/wp\/v2\/pages\/1351"}],"wp:attachment":[{"href":"https:\/\/henconforestry.com\/de\/wp-json\/wp\/v2\/media?parent=1358"}],"curies":[{"name":"wp","href":"https:\/\/api.w.org\/{rel}","templated":true}]}}