{"id":1356,"date":"2021-09-08T14:38:13","date_gmt":"2021-09-08T14:38:13","guid":{"rendered":"https:\/\/henconforestry.com\/service\/onderdelen-accessoires\/"},"modified":"2024-07-12T07:17:58","modified_gmt":"2024-07-12T07:17:58","slug":"ersatzteile-zubehoer","status":"publish","type":"page","link":"https:\/\/henconforestry.com\/de\/wartung\/ersatzteile-zubehoer\/","title":{"rendered":"Ersatzteile &#038; Zubeh\u00f6r"},"content":{"rendered":"<p><div class=\"fusion-fullwidth fullwidth-box fusion-builder-row-1 fusion-flex-container nonhundred-percent-fullwidth non-hundred-percent-height-scrolling\" style=\"--awb-border-radius-top-left:0px;--awb-border-radius-top-right:0px;--awb-border-radius-bottom-right:0px;--awb-border-radius-bottom-left:0px;--awb-flex-wrap:wrap;\" ><div class=\"fusion-builder-row fusion-row fusion-flex-align-items-center fusion-flex-content-wrap\" style=\"max-width:calc( 1200px + 64px );margin-left: calc(-64px \/ 2 );margin-right: calc(-64px \/ 2 );\"><div class=\"fusion-layout-column fusion_builder_column fusion-builder-column-0 fusion_builder_column_1_1 1_1 fusion-flex-column\" style=\"--awb-bg-size:cover;--awb-width-large:100%;--awb-margin-top-large:0px;--awb-spacing-right-large:32px;--awb-margin-bottom-large:0px;--awb-spacing-left-large:32px;--awb-width-medium:100%;--awb-order-medium:0;--awb-spacing-right-medium:32px;--awb-spacing-left-medium:32px;--awb-width-small:100%;--awb-order-small:0;--awb-spacing-right-small:32px;--awb-spacing-left-small:32px;\"><div class=\"fusion-column-wrapper fusion-column-has-shadow fusion-flex-justify-content-flex-start fusion-content-layout-column\"><div class=\"fusion-title title fusion-title-1 fusion-sep-none fusion-title-text fusion-title-size-two\"><h2 class=\"fusion-title-heading title-heading-left\" style=\"margin:0;\">Ersatzteile &amp; Zubeh\u00f6r<\/h2><\/div><div class=\"fusion-text fusion-text-1\"><p>Von unseren Lagern aus k\u00f6nnen wir Sie schnell mit allen ben\u00f6tigten Teilen versorgen. In vielen F\u00e4llen ist es sogar m\u00f6glich, sie Ihnen schon am n\u00e4chsten Morgen \u00fcber unser zuverl\u00e4ssiges Nachtverteilernetz zu liefern.<\/p>\n<\/div><\/div><\/div><\/div><\/div><div class=\"fusion-fullwidth fullwidth-box fusion-builder-row-2 fusion-flex-container nonhundred-percent-fullwidth non-hundred-percent-height-scrolling\" style=\"--awb-border-radius-top-left:0px;--awb-border-radius-top-right:0px;--awb-border-radius-bottom-right:0px;--awb-border-radius-bottom-left:0px;--awb-flex-wrap:wrap;\" ><div class=\"fusion-builder-row fusion-row fusion-flex-align-items-center fusion-flex-content-wrap\" style=\"max-width:calc( 1200px + 64px );margin-left: calc(-64px \/ 2 );margin-right: calc(-64px \/ 2 );\"><div class=\"fusion-layout-column fusion_builder_column fusion-builder-column-1 fusion_builder_column_3_5 3_5 fusion-flex-column\" style=\"--awb-bg-size:cover;--awb-width-large:60%;--awb-margin-top-large:0px;--awb-spacing-right-large:32px;--awb-margin-bottom-large:32px;--awb-spacing-left-large:32px;--awb-width-medium:60%;--awb-order-medium:0;--awb-spacing-right-medium:32px;--awb-spacing-left-medium:32px;--awb-width-small:100%;--awb-order-small:0;--awb-spacing-right-small:32px;--awb-spacing-left-small:32px;\"><div class=\"fusion-column-wrapper fusion-column-has-shadow fusion-flex-justify-content-flex-start fusion-content-layout-column\"><div class=\"fusion-text fusion-text-2\"><p>Hencon Forestry liefert auch verschiedenes Zubeh\u00f6r f\u00fcr forstwirtschaftliche Anwendungen. Beispielsweise Anbauger\u00e4te wie Rotatoren, Holzklammern, Reifen, R\u00e4der und Ketten. Auch f\u00fcr gebrauchtes Zubeh\u00f6r sind Sie bei uns genau richtig. Und nat\u00fcrlich denken wir gerne mit Ihnen \u00fcber spezifische forstwirtschaftliche Anpassungen wie Drehrungen, Rungenverl\u00e4ngerungen oder hydraulische und elektrische Anpassungen nach<\/p>\n<\/div><\/div><\/div><div class=\"fusion-layout-column fusion_builder_column fusion-builder-column-2 fusion_builder_column_2_5 2_5 fusion-flex-column\" style=\"--awb-bg-size:cover;--awb-width-large:40%;--awb-margin-top-large:0px;--awb-spacing-right-large:32px;--awb-margin-bottom-large:32px;--awb-spacing-left-large:32px;--awb-width-medium:40%;--awb-order-medium:0;--awb-spacing-right-medium:32px;--awb-spacing-left-medium:32px;--awb-width-small:100%;--awb-order-small:0;--awb-spacing-right-small:32px;--awb-spacing-left-small:32px;\"><div class=\"fusion-column-wrapper fusion-column-has-shadow fusion-flex-justify-content-flex-start fusion-content-layout-column\"><div class=\"fusion-image-element \" style=\"--awb-caption-title-font-family:var(--h2_typography-font-family);--awb-caption-title-font-weight:var(--h2_typography-font-weight);--awb-caption-title-font-style:var(--h2_typography-font-style);--awb-caption-title-size:var(--h2_typography-font-size);--awb-caption-title-transform:var(--h2_typography-text-transform);--awb-caption-title-line-height:var(--h2_typography-line-height);--awb-caption-title-letter-spacing:var(--h2_typography-letter-spacing);\"><span class=\" fusion-imageframe imageframe-none imageframe-1 hover-type-none\"><img decoding=\"async\" width=\"600\" height=\"600\" title=\"parts-square\" src=\"https:\/\/henconforestry.com\/wp-content\/uploads\/2021\/10\/parts-square.jpg\" alt class=\"img-responsive wp-image-1360\" srcset=\"https:\/\/henconforestry.com\/wp-content\/uploads\/2021\/10\/parts-square-200x200.jpg 200w, https:\/\/henconforestry.com\/wp-content\/uploads\/2021\/10\/parts-square-400x400.jpg 400w, https:\/\/henconforestry.com\/wp-content\/uploads\/2021\/10\/parts-square.jpg 600w\" sizes=\"(max-width: 640px) 100vw, 600px\" \/><\/span><\/div><\/div><\/div><div class=\"fusion-layout-column fusion_builder_column fusion-builder-column-3 fusion_builder_column_2_5 2_5 fusion-flex-column\" style=\"--awb-bg-size:cover;--awb-width-large:40%;--awb-margin-top-large:0px;--awb-spacing-right-large:32px;--awb-margin-bottom-large:32px;--awb-spacing-left-large:32px;--awb-width-medium:40%;--awb-order-medium:0;--awb-spacing-right-medium:32px;--awb-spacing-left-medium:32px;--awb-width-small:100%;--awb-order-small:0;--awb-spacing-right-small:32px;--awb-spacing-left-small:32px;\"><div class=\"fusion-column-wrapper fusion-column-has-shadow fusion-flex-justify-content-flex-start fusion-content-layout-column\"><div class=\"fusion-image-element \" style=\"--awb-caption-title-font-family:var(--h2_typography-font-family);--awb-caption-title-font-weight:var(--h2_typography-font-weight);--awb-caption-title-font-style:var(--h2_typography-font-style);--awb-caption-title-size:var(--h2_typography-font-size);--awb-caption-title-transform:var(--h2_typography-text-transform);--awb-caption-title-line-height:var(--h2_typography-line-height);--awb-caption-title-letter-spacing:var(--h2_typography-letter-spacing);\"><span class=\" fusion-imageframe imageframe-none imageframe-2 hover-type-none\"><img decoding=\"async\" width=\"600\" height=\"600\" title=\"maintenance-square\" src=\"https:\/\/henconforestry.com\/wp-content\/uploads\/2021\/10\/maintenance-square.jpg\" alt class=\"img-responsive wp-image-1357\" srcset=\"https:\/\/henconforestry.com\/wp-content\/uploads\/2021\/10\/maintenance-square-200x200.jpg 200w, https:\/\/henconforestry.com\/wp-content\/uploads\/2021\/10\/maintenance-square-400x400.jpg 400w, https:\/\/henconforestry.com\/wp-content\/uploads\/2021\/10\/maintenance-square.jpg 600w\" sizes=\"(max-width: 640px) 100vw, 600px\" \/><\/span><\/div><\/div><\/div><div class=\"fusion-layout-column fusion_builder_column fusion-builder-column-4 fusion_builder_column_3_5 3_5 fusion-flex-column\" style=\"--awb-bg-size:cover;--awb-width-large:60%;--awb-margin-top-large:0px;--awb-spacing-right-large:32px;--awb-margin-bottom-large:32px;--awb-spacing-left-large:32px;--awb-width-medium:60%;--awb-order-medium:0;--awb-spacing-right-medium:32px;--awb-spacing-left-medium:32px;--awb-width-small:100%;--awb-order-small:0;--awb-spacing-right-small:32px;--awb-spacing-left-small:32px;\"><div class=\"fusion-column-wrapper fusion-column-has-shadow fusion-flex-justify-content-flex-start fusion-content-layout-column\"><div class=\"fusion-text fusion-text-3\"><p>Sie haben Fragen oder ben\u00f6tigen eine Beratung zu einem bestimmten Teil oder m\u00f6chten eine Bestellung aufgeben? Dann kontaktieren Sie unsere Spezialisten per Whatsapp oder rufen Sie uns an. Wir helfen Ihnen gerne!<\/p>\n<p><strong>M<\/strong> +31-(0)6-12 18 56 08 (Auf dieser Whatsapp-Nummer k\u00f6nnen keine Anrufe get\u00e4tigt werden, sie ist nur f\u00fcr Texte und Fotos gedacht)<br \/>\n<strong>T<\/strong> +31 (0)315 \u2013 69 54 70<br \/>\n<strong>E<\/strong> <a href=\"mailto:parts@henconforestry.com\">parts@henconforestry.com<\/a><\/p>\n<\/div><\/div><\/div><\/div><\/div><div class=\"fusion-fullwidth fullwidth-box fusion-builder-row-3 hundred-percent-fullwidth non-hundred-percent-height-scrolling\" style=\"--awb-border-radius-top-left:0px;--awb-border-radius-top-right:0px;--awb-border-radius-bottom-right:0px;--awb-border-radius-bottom-left:0px;--awb-background-color:#ffffff;--awb-flex-wrap:wrap;\" ><div class=\"fusion-builder-row fusion-row\"><div class=\"fusion-layout-column fusion_builder_column fusion-builder-column-5 fusion_builder_column_1_1 1_1 fusion-one-full fusion-column-first fusion-column-last\" style=\"--awb-bg-size:cover;\"><div class=\"fusion-column-wrapper fusion-column-has-shadow fusion-flex-column-wrapper-legacy\"><div class=\"fusion-title title fusion-title-2 fusion-sep-none fusion-title-center fusion-title-text fusion-title-size-two\"><h2 class=\"fusion-title-heading title-heading-center\" style=\"margin:0;\">Hencon Partner<\/h2><\/div><div class=\"swiper-container leveranciers-wrapper logo-slider\"><div class=\"swiper-wrapper\"><div class=\"swiper-slide leveranciers logo\"><a class=\"image-wrapper\" href=\"https:\/\/www.ecoforst.at\/t-winch-2\/\" target=\"blank\"><img decoding=\"async\" class=\"image\" src=\"https:\/\/henconforestry.com\/wp-content\/uploads\/2023\/11\/twinch.webp\"\/><\/a><\/div><div class=\"swiper-slide leveranciers logo\"><a class=\"image-wrapper\" href=\"https:\/\/www.ofa.fi\/fi-en\/products\/ofa-tracks\" target=\"blank\"><img decoding=\"async\" class=\"image\" src=\"https:\/\/henconforestry.com\/wp-content\/uploads\/2023\/11\/ofa.webp\"\/><\/a><\/div><div class=\"swiper-slide leveranciers logo\"><a class=\"image-wrapper\" href=\"https:\/\/www.baltrotors.com\/en\" target=\"blank\"><img decoding=\"async\" class=\"image\" src=\"https:\/\/henconforestry.com\/wp-content\/uploads\/2021\/05\/logo_baltrotors.jpg\"\/><\/a><\/div><div class=\"swiper-slide leveranciers logo\"><a class=\"image-wrapper\" href=\"https:\/\/www.clarktracks.com\/\" target=\"blank\"><img decoding=\"async\" class=\"image\" src=\"https:\/\/henconforestry.com\/wp-content\/uploads\/2021\/05\/logo_clarktracks.png\"\/><\/a><\/div><div class=\"swiper-slide leveranciers logo\"><a class=\"image-wrapper\" href=\"https:\/\/www.palfingerepsilon.com\/en\" target=\"blank\"><img decoding=\"async\" class=\"image\" src=\"https:\/\/henconforestry.com\/wp-content\/uploads\/2021\/05\/logo_epsilon_palfinger.jpg\"\/><\/a><\/div><div class=\"swiper-slide leveranciers logo\"><a class=\"image-wrapper\" href=\"https:\/\/www.hsp.se\/en\/hsp-gripen-english\/\" target=\"blank\"><img decoding=\"async\" class=\"image\" src=\"https:\/\/henconforestry.com\/wp-content\/uploads\/2021\/05\/logo_gripen.jpg\"\/><\/a><\/div><div class=\"swiper-slide leveranciers logo\"><a class=\"image-wrapper\" href=\"https:\/\/www.hultdins.se\/\" target=\"blank\"><img decoding=\"async\" class=\"image\" src=\"https:\/\/henconforestry.com\/wp-content\/uploads\/2021\/05\/logo_hultdins.jpg\"\/><\/a><\/div><div class=\"swiper-slide leveranciers logo\"><a class=\"image-wrapper\" href=\"https:\/\/indexator.se\/en-GB\/\" target=\"blank\"><img decoding=\"async\" class=\"image\" src=\"https:\/\/henconforestry.com\/wp-content\/uploads\/2021\/05\/logo_indexator.jpg\"\/><\/a><\/div><div class=\"swiper-slide leveranciers logo\"><a class=\"image-wrapper\" href=\"https:\/\/xltraction.com\/en\/\" target=\"blank\"><img decoding=\"async\" class=\"image\" src=\"https:\/\/henconforestry.com\/wp-content\/uploads\/2021\/05\/logo_xlt_tracks.jpg\"\/><\/a><\/div><div class=\"swiper-slide leveranciers logo\"><a class=\"image-wrapper\" href=\"https:\/\/www.waratah.com\/\" target=\"blank\"><img decoding=\"async\" class=\"image\" src=\"https:\/\/henconforestry.com\/wp-content\/uploads\/2021\/05\/logo_waratah.jpg\"\/><\/a><\/div><div class=\"swiper-slide leveranciers logo\"><a class=\"image-wrapper\" href=\"https:\/\/www.veriga-lesce.com\/products\/veriga-forest\/?lang=en\" target=\"blank\"><img decoding=\"async\" class=\"image\" src=\"https:\/\/henconforestry.com\/wp-content\/uploads\/2021\/05\/logo_veriga.jpg\"\/><\/a><\/div><div class=\"swiper-slide leveranciers logo\"><a class=\"image-wrapper\" href=\"https:\/\/koneosapalvelu.fi\/en\/product-category\/vahva-grapples\/\" target=\"blank\"><img decoding=\"async\" class=\"image\" src=\"https:\/\/henconforestry.com\/wp-content\/uploads\/2021\/05\/logo_vahva.jpg\"\/><\/a><\/div><div class=\"swiper-slide leveranciers logo\"><a class=\"image-wrapper\" href=\"https:\/\/www.pewag.com\/shop\/en\/forestry-3.html\" target=\"blank\"><img decoding=\"async\" class=\"image\" src=\"https:\/\/henconforestry.com\/wp-content\/uploads\/2021\/05\/logo_pewag.jpg\"\/><\/a><\/div><div class=\"swiper-slide leveranciers logo\"><a class=\"image-wrapper\" href=\"https:\/\/www.parker.com\/\" target=\"blank\"><img decoding=\"async\" class=\"image\" src=\"https:\/\/henconforestry.com\/wp-content\/uploads\/2021\/05\/logo_parker.jpg\"\/><\/a><\/div><div class=\"swiper-slide leveranciers logo\"><a class=\"image-wrapper\" href=\"https:\/\/www.olofsfors.com\/\" target=\"blank\"><img decoding=\"async\" class=\"image\" src=\"https:\/\/henconforestry.com\/wp-content\/uploads\/2021\/05\/logo_olofsfors.jpg\"\/><\/a><\/div><div class=\"swiper-slide leveranciers logo\"><a class=\"image-wrapper\" href=\"https:\/\/www.deere.co.uk\/en\/forestry\/\" target=\"blank\"><img decoding=\"async\" class=\"image\" src=\"https:\/\/henconforestry.com\/wp-content\/uploads\/2021\/05\/logo_john_deere.jpg\"\/><\/a><\/div><\/div><\/div><div class=\"fusion-clearfix\"><\/div><\/div><\/div><\/div><\/div>\n<\/p>\n","protected":false},"excerpt":{"rendered":"","protected":false},"author":1,"featured_media":0,"parent":1351,"menu_order":0,"comment_status":"closed","ping_status":"closed","template":"100-width.php","meta":{"footnotes":""},"class_list":["post-1356","page","type-page","status-publish","hentry"],"_links":{"self":[{"href":"https:\/\/henconforestry.com\/de\/wp-json\/wp\/v2\/pages\/1356","targetHints":{"allow":["GET"]}}],"collection":[{"href":"https:\/\/henconforestry.com\/de\/wp-json\/wp\/v2\/pages"}],"about":[{"href":"https:\/\/henconforestry.com\/de\/wp-json\/wp\/v2\/types\/page"}],"author":[{"embeddable":true,"href":"https:\/\/henconforestry.com\/de\/wp-json\/wp\/v2\/users\/1"}],"replies":[{"embeddable":true,"href":"https:\/\/henconforestry.com\/de\/wp-json\/wp\/v2\/comments?post=1356"}],"version-history":[{"count":4,"href":"https:\/\/henconforestry.com\/de\/wp-json\/wp\/v2\/pages\/1356\/revisions"}],"predecessor-version":[{"id":1509,"href":"https:\/\/henconforestry.com\/de\/wp-json\/wp\/v2\/pages\/1356\/revisions\/1509"}],"up":[{"embeddable":true,"href":"https:\/\/henconforestry.com\/de\/wp-json\/wp\/v2\/pages\/1351"}],"wp:attachment":[{"href":"https:\/\/henconforestry.com\/de\/wp-json\/wp\/v2\/media?parent=1356"}],"curies":[{"name":"wp","href":"https:\/\/api.w.org\/{rel}","templated":true}]}}