{"id":1354,"date":"2021-05-27T09:38:37","date_gmt":"2021-05-27T09:38:37","guid":{"rendered":"https:\/\/henconforestry.com\/service\/training\/"},"modified":"2024-07-12T07:18:18","modified_gmt":"2024-07-12T07:18:18","slug":"schulung","status":"publish","type":"page","link":"https:\/\/henconforestry.com\/de\/wartung\/schulung\/","title":{"rendered":"Schulung"},"content":{"rendered":"<div class=\"fusion-fullwidth fullwidth-box fusion-builder-row-1 fusion-flex-container nonhundred-percent-fullwidth non-hundred-percent-height-scrolling\" style=\"--awb-border-radius-top-left:0px;--awb-border-radius-top-right:0px;--awb-border-radius-bottom-right:0px;--awb-border-radius-bottom-left:0px;--awb-flex-wrap:wrap;\" ><div class=\"fusion-builder-row fusion-row fusion-flex-align-items-center fusion-flex-content-wrap\" style=\"max-width:calc( 1200px + 64px );margin-left: calc(-64px \/ 2 );margin-right: calc(-64px \/ 2 );\"><div class=\"fusion-layout-column fusion_builder_column fusion-builder-column-0 fusion_builder_column_1_1 1_1 fusion-flex-column\" style=\"--awb-bg-size:cover;--awb-width-large:100%;--awb-margin-top-large:0px;--awb-spacing-right-large:32px;--awb-margin-bottom-large:0px;--awb-spacing-left-large:32px;--awb-width-medium:100%;--awb-order-medium:0;--awb-spacing-right-medium:32px;--awb-spacing-left-medium:32px;--awb-width-small:100%;--awb-order-small:0;--awb-spacing-right-small:32px;--awb-spacing-left-small:32px;\"><div class=\"fusion-column-wrapper fusion-column-has-shadow fusion-flex-justify-content-flex-start fusion-content-layout-column\"><div class=\"fusion-title title fusion-title-1 fusion-sep-none fusion-title-text fusion-title-size-two\"><h2 class=\"fusion-title-heading title-heading-left\" style=\"margin:0;\">Schulung<\/h2><\/div><div class=\"fusion-text fusion-text-1\"><p>Wir m\u00f6chten, dass Sie das Beste aus Ihrer Forstmaschine herausholen. Deshalb bietet Hencon Forestry Schulungen an, die perfekt auf Ihren Betrieb und Ihre Maschinen abgestimmt sind. Unsere Schulungen k\u00f6nnen vor Ort, in der Praxis oder an einem Simulator durchgef\u00fchrt werden.<\/p>\n<p>Dar\u00fcber hinaus bieten wir verschiedene Software-Schulungen speziell f\u00fcr Ihre John Deere Forstmaschine an. Diese Schulungen dienen dazu, Ihre Kenntnisse und F\u00e4higkeiten im Umgang mit TimberManager und TimberMatic zu erweitern.<\/p>\n<\/div><\/div><\/div><\/div><\/div>\n","protected":false},"excerpt":{"rendered":"","protected":false},"author":1,"featured_media":0,"parent":1351,"menu_order":0,"comment_status":"closed","ping_status":"closed","template":"","meta":{"footnotes":""},"class_list":["post-1354","page","type-page","status-publish","hentry"],"_links":{"self":[{"href":"https:\/\/henconforestry.com\/de\/wp-json\/wp\/v2\/pages\/1354","targetHints":{"allow":["GET"]}}],"collection":[{"href":"https:\/\/henconforestry.com\/de\/wp-json\/wp\/v2\/pages"}],"about":[{"href":"https:\/\/henconforestry.com\/de\/wp-json\/wp\/v2\/types\/page"}],"author":[{"embeddable":true,"href":"https:\/\/henconforestry.com\/de\/wp-json\/wp\/v2\/users\/1"}],"replies":[{"embeddable":true,"href":"https:\/\/henconforestry.com\/de\/wp-json\/wp\/v2\/comments?post=1354"}],"version-history":[{"count":2,"href":"https:\/\/henconforestry.com\/de\/wp-json\/wp\/v2\/pages\/1354\/revisions"}],"predecessor-version":[{"id":1363,"href":"https:\/\/henconforestry.com\/de\/wp-json\/wp\/v2\/pages\/1354\/revisions\/1363"}],"up":[{"embeddable":true,"href":"https:\/\/henconforestry.com\/de\/wp-json\/wp\/v2\/pages\/1351"}],"wp:attachment":[{"href":"https:\/\/henconforestry.com\/de\/wp-json\/wp\/v2\/media?parent=1354"}],"curies":[{"name":"wp","href":"https:\/\/api.w.org\/{rel}","templated":true}]}}