{"id":1346,"date":"2021-05-26T13:24:59","date_gmt":"2021-05-26T13:24:59","guid":{"rendered":"https:\/\/henconforestry.com\/onderhoud\/"},"modified":"2024-07-12T07:18:12","modified_gmt":"2024-07-12T07:18:12","slug":"instandhaltung","status":"publish","type":"page","link":"https:\/\/henconforestry.com\/de\/wartung\/instandhaltung\/","title":{"rendered":"Instandhaltung"},"content":{"rendered":"<div class=\"fusion-fullwidth fullwidth-box fusion-builder-row-1 fusion-flex-container nonhundred-percent-fullwidth non-hundred-percent-height-scrolling\" style=\"--awb-border-radius-top-left:0px;--awb-border-radius-top-right:0px;--awb-border-radius-bottom-right:0px;--awb-border-radius-bottom-left:0px;--awb-flex-wrap:wrap;\" ><div class=\"fusion-builder-row fusion-row fusion-flex-align-items-center fusion-flex-content-wrap\" style=\"max-width:calc( 1200px + 64px );margin-left: calc(-64px \/ 2 );margin-right: calc(-64px \/ 2 );\"><div class=\"fusion-layout-column fusion_builder_column fusion-builder-column-0 fusion_builder_column_1_1 1_1 fusion-flex-column\" style=\"--awb-bg-size:cover;--awb-width-large:100%;--awb-margin-top-large:0px;--awb-spacing-right-large:32px;--awb-margin-bottom-large:0px;--awb-spacing-left-large:32px;--awb-width-medium:100%;--awb-order-medium:0;--awb-spacing-right-medium:32px;--awb-spacing-left-medium:32px;--awb-width-small:100%;--awb-order-small:0;--awb-spacing-right-small:32px;--awb-spacing-left-small:32px;\"><div class=\"fusion-column-wrapper fusion-column-has-shadow fusion-flex-justify-content-flex-start fusion-content-layout-column\"><div class=\"fusion-title title fusion-title-1 fusion-sep-none fusion-title-text fusion-title-size-two\"><h2 class=\"fusion-title-heading title-heading-left\" style=\"margin:0;\">Instandhaltung<\/h2><\/div><div class=\"fusion-text fusion-text-1\"><p>Schnell, zuverl\u00e4ssig, flexibel und spezialisiert: Unsere Wartungstechniker sorgen daf\u00fcr, dass Sie weiterarbeiten k\u00f6nnen. Dank unserer multifunktionalen Werkstatt sind wir in der Lage, fast alle Arbeiten im Haus auszuf\u00fchren. Unsere gut ausgebildeten Mechaniker sind jeweils auf Hydraulik, Elektrotechnik, Steuerungstechnik, Motorentechnik und Antriebsstrang spezialisiert. Unsere langj\u00e4hrige Erfahrung gew\u00e4hrleistet, dass wir schnell und angemessen auf St\u00f6rungsmeldungen oder Service- und Wartungsanfragen reagieren k\u00f6nnen.\u00a0 In vielen F\u00e4llen k\u00f6nnen wir die Ursache des technischen Problems sogar aus der Ferne erkennen.<\/p>\n<p>Sollte es aus der Ferne nicht funktionieren, wird einer unserer Servicetechniker so schnell wie m\u00f6glich mit einem voll ausgestatteten Servicewagen vor Ort sein, um Sie wieder auf die Stra\u00dfe zu bringen. Ausfallzeiten werden im Handumdrehen wieder Betriebszeiten!<\/p>\n<p><strong>T<\/strong> <a href=\"tel:+31 (0)315 \u2013 69 54 70\">+31 (0)315 \u2013 69 54 70<\/a><br \/>\n<strong>Werkplaats Ulft<\/strong> <a href=\"mailto:workshopulft@henconforestry.com\">workshopulft@henconforestry.com<\/a><br \/>\n<strong>Support<\/strong> <a href=\"mailto:support@henconforestry.com\">support@henconforestry.com<\/a><\/p>\n<\/div><\/div><\/div><\/div><\/div>\n","protected":false},"excerpt":{"rendered":"","protected":false},"author":1,"featured_media":0,"parent":1351,"menu_order":0,"comment_status":"closed","ping_status":"closed","template":"","meta":{"footnotes":""},"class_list":["post-1346","page","type-page","status-publish","hentry"],"_links":{"self":[{"href":"https:\/\/henconforestry.com\/de\/wp-json\/wp\/v2\/pages\/1346","targetHints":{"allow":["GET"]}}],"collection":[{"href":"https:\/\/henconforestry.com\/de\/wp-json\/wp\/v2\/pages"}],"about":[{"href":"https:\/\/henconforestry.com\/de\/wp-json\/wp\/v2\/types\/page"}],"author":[{"embeddable":true,"href":"https:\/\/henconforestry.com\/de\/wp-json\/wp\/v2\/users\/1"}],"replies":[{"embeddable":true,"href":"https:\/\/henconforestry.com\/de\/wp-json\/wp\/v2\/comments?post=1346"}],"version-history":[{"count":3,"href":"https:\/\/henconforestry.com\/de\/wp-json\/wp\/v2\/pages\/1346\/revisions"}],"predecessor-version":[{"id":1364,"href":"https:\/\/henconforestry.com\/de\/wp-json\/wp\/v2\/pages\/1346\/revisions\/1364"}],"up":[{"embeddable":true,"href":"https:\/\/henconforestry.com\/de\/wp-json\/wp\/v2\/pages\/1351"}],"wp:attachment":[{"href":"https:\/\/henconforestry.com\/de\/wp-json\/wp\/v2\/media?parent=1346"}],"curies":[{"name":"wp","href":"https:\/\/api.w.org\/{rel}","templated":true}]}}