{"id":1325,"date":"2021-05-17T12:54:36","date_gmt":"2021-05-17T12:54:36","guid":{"rendered":"https:\/\/henconforestry.com\/over-ons\/"},"modified":"2024-07-12T08:28:50","modified_gmt":"2024-07-12T08:28:50","slug":"ueber-uns","status":"publish","type":"page","link":"https:\/\/henconforestry.com\/de\/ueber-uns\/","title":{"rendered":"\u00dcber uns"},"content":{"rendered":"<p><div class=\"fusion-fullwidth fullwidth-box fusion-builder-row-1 fusion-flex-container nonhundred-percent-fullwidth non-hundred-percent-height-scrolling\" style=\"--awb-border-radius-top-left:0px;--awb-border-radius-top-right:0px;--awb-border-radius-bottom-right:0px;--awb-border-radius-bottom-left:0px;--awb-flex-wrap:wrap;\" ><div class=\"fusion-builder-row fusion-row fusion-flex-align-items-center fusion-flex-content-wrap\" style=\"max-width:calc( 1200px + 64px );margin-left: calc(-64px \/ 2 );margin-right: calc(-64px \/ 2 );\"><div class=\"fusion-layout-column fusion_builder_column fusion-builder-column-0 fusion_builder_column_1_1 1_1 fusion-flex-column\" style=\"--awb-bg-size:cover;--awb-width-large:100%;--awb-margin-top-large:0px;--awb-spacing-right-large:32px;--awb-margin-bottom-large:32px;--awb-spacing-left-large:32px;--awb-width-medium:100%;--awb-order-medium:0;--awb-spacing-right-medium:32px;--awb-spacing-left-medium:32px;--awb-width-small:100%;--awb-order-small:0;--awb-spacing-right-small:32px;--awb-spacing-left-small:32px;\"><div class=\"fusion-column-wrapper fusion-column-has-shadow fusion-flex-justify-content-flex-start fusion-content-layout-column\"><div class=\"fusion-title title fusion-title-1 fusion-sep-none fusion-title-text fusion-title-size-two\"><h2 class=\"fusion-title-heading title-heading-left\" style=\"margin:0;\">\u00dcber Hencon Forestry<\/h2><\/div><\/div><\/div><div class=\"fusion-layout-column fusion_builder_column fusion-builder-column-1 fusion_builder_column_2_5 2_5 fusion-flex-column\" style=\"--awb-bg-size:cover;--awb-width-large:40%;--awb-margin-top-large:0px;--awb-spacing-right-large:32px;--awb-margin-bottom-large:32px;--awb-spacing-left-large:32px;--awb-width-medium:40%;--awb-order-medium:0;--awb-spacing-right-medium:32px;--awb-spacing-left-medium:32px;--awb-width-small:100%;--awb-order-small:0;--awb-spacing-right-small:32px;--awb-spacing-left-small:32px;\"><div class=\"fusion-column-wrapper fusion-column-has-shadow fusion-flex-justify-content-flex-start fusion-content-layout-column\"><div class=\"fusion-image-element \" style=\"--awb-caption-title-font-family:var(--h2_typography-font-family);--awb-caption-title-font-weight:var(--h2_typography-font-weight);--awb-caption-title-font-style:var(--h2_typography-font-style);--awb-caption-title-size:var(--h2_typography-font-size);--awb-caption-title-transform:var(--h2_typography-text-transform);--awb-caption-title-line-height:var(--h2_typography-line-height);--awb-caption-title-letter-spacing:var(--h2_typography-letter-spacing);\"><span class=\" fusion-imageframe imageframe-none imageframe-1 hover-type-none\"><img decoding=\"async\" width=\"600\" height=\"600\" title=\"about-us\" src=\"https:\/\/henconforestry.com\/wp-content\/uploads\/2021\/09\/about-us.jpg\" alt class=\"img-responsive wp-image-1332\" srcset=\"https:\/\/henconforestry.com\/wp-content\/uploads\/2021\/09\/about-us-200x200.jpg 200w, https:\/\/henconforestry.com\/wp-content\/uploads\/2021\/09\/about-us-400x400.jpg 400w, https:\/\/henconforestry.com\/wp-content\/uploads\/2021\/09\/about-us.jpg 600w\" sizes=\"(max-width: 640px) 100vw, 600px\" \/><\/span><\/div><\/div><\/div><div class=\"fusion-layout-column fusion_builder_column fusion-builder-column-2 fusion_builder_column_3_5 3_5 fusion-flex-column\" style=\"--awb-bg-size:cover;--awb-width-large:60%;--awb-margin-top-large:0px;--awb-spacing-right-large:32px;--awb-margin-bottom-large:32px;--awb-spacing-left-large:32px;--awb-width-medium:60%;--awb-order-medium:0;--awb-spacing-right-medium:32px;--awb-spacing-left-medium:32px;--awb-width-small:100%;--awb-order-small:0;--awb-spacing-right-small:32px;--awb-spacing-left-small:32px;\"><div class=\"fusion-column-wrapper fusion-column-has-shadow fusion-flex-justify-content-flex-start fusion-content-layout-column\"><div class=\"fusion-text fusion-text-1\"><p><strong>Hencon Forestry ist bereits seit 25 Jahren auf Maschinen und Ger\u00e4te f\u00fcr Forstwirtschaft, Biomasse und Landschaftspflege spezialisiert. <\/strong><\/p>\n<p>Als offizieller Vertriebspartner von John Deere Forstmaschinen, dem Weltmarktf\u00fchrer f\u00fcr Forstmaschinen, haben unsere Servicetechniker ein hohes Ma\u00df an Wissen \u00fcber diese speziellen Hightech-Maschinen erworben. Die Hard- und Software ist f\u00fcr unsere Spezialisten keine Geheimnis, so dass sie sogar Fernwartung betreiben k\u00f6nnen. Dadurch werden Ausfallzeiten vermieden und die Maschinen k\u00f6nnen mit maximaler Effizienz eingesetzt werden. Neben unserem zuverl\u00e4ssigen Fernservice verf\u00fcgen wir \u00fcber eine fortschrittliche Werkstatt, in der die Anpassung und Wartung von Maschinen effizient durchgef\u00fchrt werden k\u00f6nnen. Ob es sich um innovative Digitalsysteme, Hydraulik, Elektrotechnik, Motorentechnik, Betriebssysteme oder Antriebsstr\u00e4nge handelt: Ihre Forstmaschine ist bei unseren Spezialisten in den besten H\u00e4nden.<\/p>\n<p>Unser Hauptstandort befindet sich im Osten der Niederlande, in der Region Achterhoek, nahe der deutschen Grenze. Es \u00fcberrascht nicht, dass John Deere uns aufgrund unserer Spezialisierung und unserer langj\u00e4hrigen Erfahrung mit John Deere Forstmaschinen gebeten hat, als offizieller Vertriebspartner f\u00fcr die Bundesl\u00e4nder Nordrhein-Westfalen, Rheinland-Pfalz und Saarland zu fungieren. Im August 2023 haben wir unsere Tochtergesellschaft Hencon Forestry GmbH in Brandscheid (Westerwald) er\u00f6ffnet, um unsere deutschen Kunden noch besser bedienen zu k\u00f6nnen.<\/p>\n<\/div><\/div><\/div><div class=\"fusion-layout-column fusion_builder_column fusion-builder-column-3 fusion_builder_column_1_1 1_1 fusion-flex-column\" style=\"--awb-bg-size:cover;--awb-width-large:100%;--awb-margin-top-large:0px;--awb-spacing-right-large:32px;--awb-margin-bottom-large:32px;--awb-spacing-left-large:32px;--awb-width-medium:100%;--awb-order-medium:0;--awb-spacing-right-medium:32px;--awb-spacing-left-medium:32px;--awb-width-small:100%;--awb-order-small:0;--awb-spacing-right-small:32px;--awb-spacing-left-small:32px;\"><div class=\"fusion-column-wrapper fusion-column-has-shadow fusion-flex-justify-content-flex-start fusion-content-layout-column\"><div class=\"fusion-text fusion-text-2\"><p>Mit einem begeisterten Team von 25 gut ausgebildeten Fachleuten ist es unser Ziel, ein maximales Ergebnis f\u00fcr unsere Kunden zu erreichen. Wir stellen uns gerne jeder Herausforderung und finden f\u00fcr jedes Problem eine nachhaltige L\u00f6sung. Unsere effektive Kultur und bodenst\u00e4ndige Mentalit\u00e4t f\u00fchren zu eine fairen und transparenten Gesch\u00e4ftspraxis. Kurz gesagt, wir sind stolz auf unser Team und stolz auf unsere Kenntnisse und F\u00e4higkeiten.<\/p>\n<\/div><\/div><\/div><\/div><\/div><div class=\"fusion-fullwidth fullwidth-box fusion-builder-row-2 fusion-flex-container has-pattern-background has-mask-background fusion-parallax-none half-background-right bottom-line nonhundred-percent-fullwidth non-hundred-percent-height-scrolling\" style=\"--awb-border-radius-top-left:0px;--awb-border-radius-top-right:0px;--awb-border-radius-bottom-right:0px;--awb-border-radius-bottom-left:0px;--awb-background-image:url(&quot;https:\/\/henconforestry.com\/wp-content\/uploads\/2023\/05\/forestry-bg.webp&quot;);--awb-background-size:cover;--awb-flex-wrap:wrap;\" ><div class=\"fusion-builder-row fusion-row fusion-flex-align-items-flex-start fusion-flex-justify-content-flex-end fusion-flex-content-wrap\" style=\"max-width:calc( 1200px + 64px );margin-left: calc(-64px \/ 2 );margin-right: calc(-64px \/ 2 );\"><div class=\"fusion-layout-column fusion_builder_column fusion-builder-column-4 fusion_builder_column_1_2 1_2 fusion-flex-column white-text\" style=\"--awb-bg-size:cover;--awb-width-large:50%;--awb-margin-top-large:0px;--awb-spacing-right-large:32px;--awb-margin-bottom-large:32px;--awb-spacing-left-large:64px;--awb-width-medium:50%;--awb-order-medium:0;--awb-spacing-right-medium:32px;--awb-spacing-left-medium:64px;--awb-width-small:100%;--awb-order-small:0;--awb-spacing-right-small:32px;--awb-spacing-left-small:32px;\"><div class=\"fusion-column-wrapper fusion-column-has-shadow fusion-flex-justify-content-flex-start fusion-content-layout-column\"><div class=\"fusion-title title fusion-title-2 fusion-sep-none fusion-title-text fusion-title-size-two\"><h2 class=\"fusion-title-heading title-heading-left\" style=\"margin:0;\">Be Proud. Join Hencon<\/h2><\/div><div class=\"fusion-text fusion-text-3\"><p>Entdecken Sie Hencon Forestry, den Spezialisten und H\u00e4ndler f\u00fcr John Deere Forstmaschinen und mobile Ger\u00e4te. Diese hochleistungsf\u00e4higen Hightech-Maschinen sind Teil unserer ma\u00dfgeschneiderten Gesamtl\u00f6sungen, und der Schl\u00fcssel zu Fortschritt und Betriebssicherheit. Die Entwicklung und Produktion von kundenspezifischen Anpassungen an diesen Maschinen findet in unserer hochmodernen Werkstatt in Ulft statt. Dort befindet sich auch unser Ausbildungszentrum, in dem unsere Spezialisten Sie gerne schulen, damit Sie sich in einem unserer gro\u00dfartigen Ingenieurberufe weiterentwickeln k\u00f6nnen. Zus\u00e4tzlich zu unseren internen Schulungsm\u00f6glichkeiten besuchen wir kontinuierlich John Deere-Kurse an verschiedenen Standorten. Auf diese Weise bleiben wir nicht nur auf dem neuesten Stand, sondern so bleibt es auch interessant!<\/p>\n<\/div><div ><a class=\"fusion-button button-flat fusion-button-default-size button-default fusion-button-default button-1 fusion-button-default-span fusion-button-default-type\" style=\"--button-border-radius-top-left:0;--button-border-radius-top-right:0;--button-border-radius-bottom-right:0;--button-border-radius-bottom-left:0;\" target=\"_self\" href=\"https:\/\/henconforestry.com\/de\/stellenangebote\/\"><span class=\"fusion-button-text\">Stellenangebote ansehen<\/span><\/a><\/div><\/div><\/div><\/div><\/div><div class=\"fusion-fullwidth fullwidth-box fusion-builder-row-3 hundred-percent-fullwidth non-hundred-percent-height-scrolling\" style=\"--awb-border-radius-top-left:0px;--awb-border-radius-top-right:0px;--awb-border-radius-bottom-right:0px;--awb-border-radius-bottom-left:0px;--awb-background-color:#ffffff;--awb-flex-wrap:wrap;\" ><div class=\"fusion-builder-row fusion-row\"><div class=\"fusion-layout-column fusion_builder_column fusion-builder-column-5 fusion_builder_column_1_1 1_1 fusion-one-full fusion-column-first fusion-column-last\" style=\"--awb-bg-size:cover;\"><div class=\"fusion-column-wrapper fusion-column-has-shadow fusion-flex-column-wrapper-legacy\"><div class=\"fusion-title title fusion-title-3 fusion-sep-none fusion-title-center fusion-title-text fusion-title-size-two\"><h2 class=\"fusion-title-heading title-heading-center\" style=\"margin:0;\">Hencon Partner<\/h2><\/div><div class=\"swiper-container leveranciers-wrapper logo-slider\"><div class=\"swiper-wrapper\"><div class=\"swiper-slide leveranciers logo\"><a class=\"image-wrapper\" href=\"https:\/\/www.ecoforst.at\/t-winch-2\/\" target=\"blank\"><img decoding=\"async\" class=\"image\" src=\"https:\/\/henconforestry.com\/wp-content\/uploads\/2023\/11\/twinch.webp\"\/><\/a><\/div><div class=\"swiper-slide leveranciers logo\"><a class=\"image-wrapper\" href=\"https:\/\/www.ofa.fi\/fi-en\/products\/ofa-tracks\" target=\"blank\"><img decoding=\"async\" class=\"image\" src=\"https:\/\/henconforestry.com\/wp-content\/uploads\/2023\/11\/ofa.webp\"\/><\/a><\/div><div class=\"swiper-slide leveranciers logo\"><a class=\"image-wrapper\" href=\"https:\/\/www.baltrotors.com\/en\" target=\"blank\"><img decoding=\"async\" class=\"image\" src=\"https:\/\/henconforestry.com\/wp-content\/uploads\/2021\/05\/logo_baltrotors.jpg\"\/><\/a><\/div><div class=\"swiper-slide leveranciers logo\"><a class=\"image-wrapper\" href=\"https:\/\/www.clarktracks.com\/\" target=\"blank\"><img decoding=\"async\" class=\"image\" src=\"https:\/\/henconforestry.com\/wp-content\/uploads\/2021\/05\/logo_clarktracks.png\"\/><\/a><\/div><div class=\"swiper-slide leveranciers logo\"><a class=\"image-wrapper\" href=\"https:\/\/www.palfingerepsilon.com\/en\" target=\"blank\"><img decoding=\"async\" class=\"image\" src=\"https:\/\/henconforestry.com\/wp-content\/uploads\/2021\/05\/logo_epsilon_palfinger.jpg\"\/><\/a><\/div><div class=\"swiper-slide leveranciers logo\"><a class=\"image-wrapper\" href=\"https:\/\/www.hsp.se\/en\/hsp-gripen-english\/\" target=\"blank\"><img decoding=\"async\" class=\"image\" src=\"https:\/\/henconforestry.com\/wp-content\/uploads\/2021\/05\/logo_gripen.jpg\"\/><\/a><\/div><div class=\"swiper-slide leveranciers logo\"><a class=\"image-wrapper\" href=\"https:\/\/www.hultdins.se\/\" target=\"blank\"><img decoding=\"async\" class=\"image\" src=\"https:\/\/henconforestry.com\/wp-content\/uploads\/2021\/05\/logo_hultdins.jpg\"\/><\/a><\/div><div class=\"swiper-slide leveranciers logo\"><a class=\"image-wrapper\" href=\"https:\/\/indexator.se\/en-GB\/\" target=\"blank\"><img decoding=\"async\" class=\"image\" src=\"https:\/\/henconforestry.com\/wp-content\/uploads\/2021\/05\/logo_indexator.jpg\"\/><\/a><\/div><div class=\"swiper-slide leveranciers logo\"><a class=\"image-wrapper\" href=\"https:\/\/xltraction.com\/en\/\" target=\"blank\"><img decoding=\"async\" class=\"image\" src=\"https:\/\/henconforestry.com\/wp-content\/uploads\/2021\/05\/logo_xlt_tracks.jpg\"\/><\/a><\/div><div class=\"swiper-slide leveranciers logo\"><a class=\"image-wrapper\" href=\"https:\/\/www.waratah.com\/\" target=\"blank\"><img decoding=\"async\" class=\"image\" src=\"https:\/\/henconforestry.com\/wp-content\/uploads\/2021\/05\/logo_waratah.jpg\"\/><\/a><\/div><div class=\"swiper-slide leveranciers logo\"><a class=\"image-wrapper\" href=\"https:\/\/www.veriga-lesce.com\/products\/veriga-forest\/?lang=en\" target=\"blank\"><img decoding=\"async\" class=\"image\" src=\"https:\/\/henconforestry.com\/wp-content\/uploads\/2021\/05\/logo_veriga.jpg\"\/><\/a><\/div><div class=\"swiper-slide leveranciers logo\"><a class=\"image-wrapper\" href=\"https:\/\/koneosapalvelu.fi\/en\/product-category\/vahva-grapples\/\" target=\"blank\"><img decoding=\"async\" class=\"image\" src=\"https:\/\/henconforestry.com\/wp-content\/uploads\/2021\/05\/logo_vahva.jpg\"\/><\/a><\/div><div class=\"swiper-slide leveranciers logo\"><a class=\"image-wrapper\" href=\"https:\/\/www.pewag.com\/shop\/en\/forestry-3.html\" target=\"blank\"><img decoding=\"async\" class=\"image\" src=\"https:\/\/henconforestry.com\/wp-content\/uploads\/2021\/05\/logo_pewag.jpg\"\/><\/a><\/div><div class=\"swiper-slide leveranciers logo\"><a class=\"image-wrapper\" href=\"https:\/\/www.parker.com\/\" target=\"blank\"><img decoding=\"async\" class=\"image\" src=\"https:\/\/henconforestry.com\/wp-content\/uploads\/2021\/05\/logo_parker.jpg\"\/><\/a><\/div><div class=\"swiper-slide leveranciers logo\"><a class=\"image-wrapper\" href=\"https:\/\/www.olofsfors.com\/\" target=\"blank\"><img decoding=\"async\" class=\"image\" src=\"https:\/\/henconforestry.com\/wp-content\/uploads\/2021\/05\/logo_olofsfors.jpg\"\/><\/a><\/div><div class=\"swiper-slide leveranciers logo\"><a class=\"image-wrapper\" href=\"https:\/\/www.deere.co.uk\/en\/forestry\/\" target=\"blank\"><img decoding=\"async\" class=\"image\" src=\"https:\/\/henconforestry.com\/wp-content\/uploads\/2021\/05\/logo_john_deere.jpg\"\/><\/a><\/div><\/div><\/div><div class=\"fusion-clearfix\"><\/div><\/div><\/div><\/div><\/div>\n<\/p>\n","protected":false},"excerpt":{"rendered":"","protected":false},"author":1,"featured_media":0,"parent":0,"menu_order":0,"comment_status":"closed","ping_status":"closed","template":"100-width.php","meta":{"footnotes":""},"class_list":["post-1325","page","type-page","status-publish","hentry"],"_links":{"self":[{"href":"https:\/\/henconforestry.com\/de\/wp-json\/wp\/v2\/pages\/1325","targetHints":{"allow":["GET"]}}],"collection":[{"href":"https:\/\/henconforestry.com\/de\/wp-json\/wp\/v2\/pages"}],"about":[{"href":"https:\/\/henconforestry.com\/de\/wp-json\/wp\/v2\/types\/page"}],"author":[{"embeddable":true,"href":"https:\/\/henconforestry.com\/de\/wp-json\/wp\/v2\/users\/1"}],"replies":[{"embeddable":true,"href":"https:\/\/henconforestry.com\/de\/wp-json\/wp\/v2\/comments?post=1325"}],"version-history":[{"count":6,"href":"https:\/\/henconforestry.com\/de\/wp-json\/wp\/v2\/pages\/1325\/revisions"}],"predecessor-version":[{"id":1643,"href":"https:\/\/henconforestry.com\/de\/wp-json\/wp\/v2\/pages\/1325\/revisions\/1643"}],"wp:attachment":[{"href":"https:\/\/henconforestry.com\/de\/wp-json\/wp\/v2\/media?parent=1325"}],"curies":[{"name":"wp","href":"https:\/\/api.w.org\/{rel}","templated":true}]}}