{"id":1168,"date":"2021-05-17T07:51:04","date_gmt":"2021-05-17T07:51:04","guid":{"rendered":"https:\/\/henconforestry.com\/sample-page\/"},"modified":"2024-07-12T07:45:14","modified_gmt":"2024-07-12T07:45:14","slug":"sample-page","status":"publish","type":"page","link":"https:\/\/henconforestry.com\/de\/","title":{"rendered":"Home"},"content":{"rendered":"<p><div class=\"fusion-fullwidth fullwidth-box fusion-builder-row-1 fusion-flex-container has-pattern-background has-mask-background services-wrapper nonhundred-percent-fullwidth non-hundred-percent-height-scrolling\" style=\"--awb-border-radius-top-left:0px;--awb-border-radius-top-right:0px;--awb-border-radius-bottom-right:0px;--awb-border-radius-bottom-left:0px;--awb-padding-top:0px;--awb-flex-wrap:wrap;\" ><div class=\"fusion-builder-row fusion-row fusion-flex-align-items-flex-start fusion-flex-content-wrap\" style=\"max-width:calc( 1200px + 32px );margin-left: calc(-32px \/ 2 );margin-right: calc(-32px \/ 2 );\"><div class=\"fusion-layout-column fusion_builder_column fusion-builder-column-0 fusion_builder_column_1_3 1_3 fusion-flex-column fusion-flex-align-self-center service fusion-column-inner-bg-wrapper\" style=\"--awb-inner-bg-size:cover;--awb-width-large:33.333333333333%;--awb-margin-top-large:0px;--awb-spacing-right-large:16px;--awb-margin-bottom-large:32px;--awb-spacing-left-large:16px;--awb-width-medium:33.333333333333%;--awb-order-medium:0;--awb-spacing-right-medium:16px;--awb-spacing-left-medium:16px;--awb-width-small:100%;--awb-order-small:0;--awb-spacing-right-small:16px;--awb-spacing-left-small:16px;\" data-scroll-devices=\"small-visibility,medium-visibility,large-visibility\"><span class=\"fusion-column-inner-bg hover-type-none\"><a class=\"fusion-column-anchor\" href=\"https:\/\/henconforestry.com\/de\/unsere-marken\/\"><span class=\"fusion-column-inner-bg-image\"><\/span><\/a><\/span><div class=\"fusion-column-wrapper fusion-column-has-shadow fusion-flex-justify-content-flex-start fusion-content-layout-column\"><div class=\"fusion-title title fusion-title-1 fusion-sep-none fusion-title-center fusion-title-text fusion-title-size-five\"><h5 class=\"fusion-title-heading title-heading-center\" style=\"margin:0;\">Unsere Marken<\/h5><\/div><div class=\"fusion-image-element \" style=\"--awb-caption-title-font-family:var(--h2_typography-font-family);--awb-caption-title-font-weight:var(--h2_typography-font-weight);--awb-caption-title-font-style:var(--h2_typography-font-style);--awb-caption-title-size:var(--h2_typography-font-size);--awb-caption-title-transform:var(--h2_typography-text-transform);--awb-caption-title-line-height:var(--h2_typography-line-height);--awb-caption-title-letter-spacing:var(--h2_typography-letter-spacing);\"><span class=\" fusion-imageframe imageframe-none imageframe-1 hover-type-none\"><img decoding=\"async\" width=\"404\" height=\"303\" title=\"forestry-equipment-home\" src=\"https:\/\/henconforestry.com\/wp-content\/uploads\/2021\/09\/forestry-equipment-home.jpg\" alt class=\"img-responsive wp-image-1172\" srcset=\"https:\/\/henconforestry.com\/wp-content\/uploads\/2021\/09\/forestry-equipment-home-200x150.jpg 200w, https:\/\/henconforestry.com\/wp-content\/uploads\/2021\/09\/forestry-equipment-home-400x300.jpg 400w, https:\/\/henconforestry.com\/wp-content\/uploads\/2021\/09\/forestry-equipment-home.jpg 404w\" sizes=\"(max-width: 640px) 100vw, 400px\" \/><\/span><\/div><\/div><\/div><div class=\"fusion-layout-column fusion_builder_column fusion-builder-column-1 fusion_builder_column_1_3 1_3 fusion-flex-column fusion-flex-align-self-center service fusion-column-inner-bg-wrapper\" style=\"--awb-inner-bg-size:cover;--awb-width-large:33.333333333333%;--awb-margin-top-large:0px;--awb-spacing-right-large:16px;--awb-margin-bottom-large:32px;--awb-spacing-left-large:16px;--awb-width-medium:33.333333333333%;--awb-order-medium:0;--awb-spacing-right-medium:16px;--awb-spacing-left-medium:16px;--awb-width-small:100%;--awb-order-small:0;--awb-spacing-right-small:16px;--awb-spacing-left-small:16px;\" data-scroll-devices=\"small-visibility,medium-visibility,large-visibility\"><span class=\"fusion-column-inner-bg hover-type-none\"><a class=\"fusion-column-anchor\" href=\"https:\/\/henconforestry.com\/de\/wartung\/\"><span class=\"fusion-column-inner-bg-image\"><\/span><\/a><\/span><div class=\"fusion-column-wrapper fusion-column-has-shadow fusion-flex-justify-content-flex-start fusion-content-layout-column\"><div class=\"fusion-title title fusion-title-2 fusion-sep-none fusion-title-center fusion-title-text fusion-title-size-five\"><h5 class=\"fusion-title-heading title-heading-center\" style=\"margin:0;\">Wartung &amp; Instandhaltung<\/h5><\/div><div class=\"fusion-image-element \" style=\"--awb-caption-title-font-family:var(--h2_typography-font-family);--awb-caption-title-font-weight:var(--h2_typography-font-weight);--awb-caption-title-font-style:var(--h2_typography-font-style);--awb-caption-title-size:var(--h2_typography-font-size);--awb-caption-title-transform:var(--h2_typography-text-transform);--awb-caption-title-line-height:var(--h2_typography-line-height);--awb-caption-title-letter-spacing:var(--h2_typography-letter-spacing);\"><span class=\" fusion-imageframe imageframe-none imageframe-2 hover-type-none\"><img decoding=\"async\" width=\"404\" height=\"303\" title=\"service-onderhoud-home\" src=\"https:\/\/henconforestry.com\/wp-content\/uploads\/2021\/09\/service-onderhoud-home.jpg\" alt class=\"img-responsive wp-image-1170\" srcset=\"https:\/\/henconforestry.com\/wp-content\/uploads\/2021\/09\/service-onderhoud-home-200x150.jpg 200w, https:\/\/henconforestry.com\/wp-content\/uploads\/2021\/09\/service-onderhoud-home-400x300.jpg 400w, https:\/\/henconforestry.com\/wp-content\/uploads\/2021\/09\/service-onderhoud-home.jpg 404w\" sizes=\"(max-width: 640px) 100vw, 400px\" \/><\/span><\/div><\/div><\/div><div class=\"fusion-layout-column fusion_builder_column fusion-builder-column-2 fusion_builder_column_1_3 1_3 fusion-flex-column fusion-flex-align-self-center service fusion-column-inner-bg-wrapper\" style=\"--awb-inner-bg-size:cover;--awb-width-large:33.333333333333%;--awb-margin-top-large:0px;--awb-spacing-right-large:16px;--awb-margin-bottom-large:32px;--awb-spacing-left-large:16px;--awb-width-medium:33.333333333333%;--awb-order-medium:0;--awb-spacing-right-medium:16px;--awb-spacing-left-medium:16px;--awb-width-small:100%;--awb-order-small:0;--awb-spacing-right-small:16px;--awb-spacing-left-small:16px;\" data-scroll-devices=\"small-visibility,medium-visibility,large-visibility\"><span class=\"fusion-column-inner-bg hover-type-none\"><a class=\"fusion-column-anchor\" href=\"https:\/\/henconforestry.com\/de\/wartung\/ersatzteile-zubehoer\/\"><span class=\"fusion-column-inner-bg-image\"><\/span><\/a><\/span><div class=\"fusion-column-wrapper fusion-column-has-shadow fusion-flex-justify-content-flex-start fusion-content-layout-column\"><div class=\"fusion-title title fusion-title-3 fusion-sep-none fusion-title-center fusion-title-text fusion-title-size-five\"><h5 class=\"fusion-title-heading title-heading-center\" style=\"margin:0;\">Ersatzteile &amp; Zubeh\u00f6r<\/h5><\/div><div class=\"fusion-image-element \" style=\"--awb-caption-title-font-family:var(--h2_typography-font-family);--awb-caption-title-font-weight:var(--h2_typography-font-weight);--awb-caption-title-font-style:var(--h2_typography-font-style);--awb-caption-title-size:var(--h2_typography-font-size);--awb-caption-title-transform:var(--h2_typography-text-transform);--awb-caption-title-line-height:var(--h2_typography-line-height);--awb-caption-title-letter-spacing:var(--h2_typography-letter-spacing);\"><span class=\" fusion-imageframe imageframe-none imageframe-3 hover-type-none\"><img decoding=\"async\" width=\"404\" height=\"303\" title=\"parts-home\" src=\"https:\/\/henconforestry.com\/wp-content\/uploads\/2021\/09\/parts-home.jpg\" alt class=\"img-responsive wp-image-1173\" srcset=\"https:\/\/henconforestry.com\/wp-content\/uploads\/2021\/09\/parts-home-200x150.jpg 200w, https:\/\/henconforestry.com\/wp-content\/uploads\/2021\/09\/parts-home-400x300.jpg 400w, https:\/\/henconforestry.com\/wp-content\/uploads\/2021\/09\/parts-home.jpg 404w\" sizes=\"(max-width: 640px) 100vw, 400px\" \/><\/span><\/div><\/div><\/div><\/div><\/div><div class=\"fusion-fullwidth fullwidth-box fusion-builder-row-2 fusion-flex-container has-pattern-background has-mask-background fusion-parallax-none half-background-right bottom-line nonhundred-percent-fullwidth non-hundred-percent-height-scrolling\" style=\"--awb-border-radius-top-left:0px;--awb-border-radius-top-right:0px;--awb-border-radius-bottom-right:0px;--awb-border-radius-bottom-left:0px;--awb-background-image:url(&quot;https:\/\/henconforestry.com\/wp-content\/uploads\/2021\/09\/about-us-header.jpg&quot;);--awb-background-size:cover;--awb-flex-wrap:wrap;\" ><div class=\"fusion-builder-row fusion-row fusion-flex-align-items-flex-start fusion-flex-justify-content-flex-end fusion-flex-content-wrap\" style=\"max-width:calc( 1200px + 64px );margin-left: calc(-64px \/ 2 );margin-right: calc(-64px \/ 2 );\"><div class=\"fusion-layout-column fusion_builder_column fusion-builder-column-3 fusion_builder_column_1_2 1_2 fusion-flex-column white-text\" style=\"--awb-bg-size:cover;--awb-width-large:50%;--awb-margin-top-large:0px;--awb-spacing-right-large:32px;--awb-margin-bottom-large:32px;--awb-spacing-left-large:64px;--awb-width-medium:50%;--awb-order-medium:0;--awb-spacing-right-medium:32px;--awb-spacing-left-medium:64px;--awb-width-small:100%;--awb-order-small:0;--awb-spacing-right-small:32px;--awb-spacing-left-small:32px;\"><div class=\"fusion-column-wrapper fusion-column-has-shadow fusion-flex-justify-content-flex-start fusion-content-layout-column\"><div class=\"fusion-title title fusion-title-4 fusion-sep-none fusion-title-text fusion-title-size-two\"><h2 class=\"fusion-title-heading title-heading-left\" style=\"margin:0;\">Den Fortschritt im Prozess wahren<\/h2><\/div><div class=\"fusion-text fusion-text-1\"><p>Als offizieller H\u00e4ndler von John Deere, dem Weltmarktf\u00fchrer von fortschrittlichen Forstprodukten und -dienstleistungen, liefert Hencon Forestry hochwertige Maschinen. Gibt es neue Entwicklungen in der Forstwirtschaft, die Sie noch effizienter arbeiten lassen? Wir helfen Ihnen gerne weiter und gehen auf Ihre spezielle Arbeitssituation ein. Als Spezialist f\u00fcr Biomassemaschinen denkt Henon Forestry gerne mit Ihnen mit. Die Press-Kollektoren, H\u00e4cksler und Stubbenfr\u00e4sen von AXSEL erm\u00f6glichen Ihnen ein nachhaltiges und effizientes Arbeiten mit geringen Wartungs- und Bearbeitungskosten.<\/p>\n<\/div><\/div><\/div><\/div><\/div><div class=\"fusion-fullwidth fullwidth-box fusion-builder-row-3 hundred-percent-fullwidth non-hundred-percent-height-scrolling\" style=\"--awb-border-radius-top-left:0px;--awb-border-radius-top-right:0px;--awb-border-radius-bottom-right:0px;--awb-border-radius-bottom-left:0px;--awb-background-color:#f3f5f7;--awb-flex-wrap:wrap;\" ><div class=\"fusion-builder-row fusion-row\"><div class=\"fusion-layout-column fusion_builder_column fusion-builder-column-4 fusion_builder_column_1_1 1_1 fusion-one-full fusion-column-first fusion-column-last\" style=\"--awb-bg-size:cover;\"><div class=\"fusion-column-wrapper fusion-column-has-shadow fusion-flex-column-wrapper-legacy\"><div class=\"fusion-title title fusion-title-5 fusion-sep-none fusion-title-center fusion-title-text fusion-title-size-two\"><h2 class=\"fusion-title-heading title-heading-center\" style=\"margin:0;\">Nachrichten<\/h2><\/div><div class=\"swiper-container nieuws-wrapper post-slider\"><div class=\"swiper-wrapper\"><div class=\"swiper-slide nieuws post\"><div class=\"image-wrapper\"><img decoding=\"async\" class=\"image\" src=\"https:\/\/henconforestry.com\/wp-content\/uploads\/2026\/04\/Black-and-Green-Video-Centric-Gym-Hours-Announcement-Instagram-Post-1.jpg\"\/><div class=\"date\">02-04-2026<\/div><\/div><div class=\"content-wrapper\"><h5 class=\"title\">Wichtige Mitteilung \u2013 ge\u00e4nderte Personalbesetzung vom 21. bis einschlie\u00dflich 24. April 2026<\/h5><span class=\"text\">Wichtige Mitteilung \u2013 ge\u00e4nderte Personalbesetzung vom 21. bis 24. April 2026<\/span><\/div><div class=\"button-wrapper\"><a href=\"https:\/\/henconforestry.com\/de\/nachrichten\/wichtige-mitteilung-geaenderte-personalbesetzung-vom-21-bis-24-april-2026\/\" class=\"button\"><span class=\"button-text\">Mehr lesen<\/span><\/a><\/div><\/div><div class=\"swiper-slide nieuws post\"><div class=\"image-wrapper\"><img decoding=\"async\" class=\"image\" src=\"https:\/\/henconforestry.com\/wp-content\/uploads\/2026\/02\/Jeroen-3-scaled.jpg\"\/><div class=\"date\">12-02-2026<\/div><\/div><div class=\"content-wrapper\"><h5 class=\"title\">Kaffeeplausch mit Jeroen<\/h5><span class=\"text\">Bei Hencon trinken wir gerne gemeinsam eine Tasse Kaffee. In \u201eKaffee mit ...\u201d sprechen wir jedes Mal mit einem anderen Kollegen. Dieses Mal ist Jeroen Gunnewick an der Reihe.<\/span><\/div><div class=\"button-wrapper\"><a href=\"https:\/\/henconforestry.com\/de\/nachrichten\/kaffeeplausch-mit-jeroen\/\" class=\"button\"><span class=\"button-text\">Mehr lesen<\/span><\/a><\/div><\/div><div class=\"swiper-slide nieuws post\"><div class=\"image-wrapper\"><img decoding=\"async\" class=\"image\" src=\"https:\/\/henconforestry.com\/wp-content\/uploads\/2026\/01\/thumbnail_image-Ramon.png\"\/><div class=\"date\">06-01-2026<\/div><\/div><div class=\"content-wrapper\"><h5 class=\"title\">Kaffeeplausch mit Ramon<\/h5><span class=\"text\">Bei Hencon trinken wir gerne gemeinsam eine Tasse Kaffee. In \u201eKaffee mit ...\u201d sprechen wir jedes Mal mit einem anderen Kollegen. Dieses Mal ist Ramon Even an der Reihe.<\/span><\/div><div class=\"button-wrapper\"><a href=\"https:\/\/henconforestry.com\/de\/nachrichten\/kaffeeplausch-mit-ramon\/\" class=\"button\"><span class=\"button-text\">Mehr lesen<\/span><\/a><\/div><\/div><div class=\"swiper-slide nieuws post\"><div class=\"image-wrapper\"><img decoding=\"async\" class=\"image\" src=\"https:\/\/henconforestry.com\/wp-content\/uploads\/2025\/12\/4.jpg\"\/><div class=\"date\">02-12-2025<\/div><\/div><div class=\"content-wrapper\"><h5 class=\"title\">\u00d6ffnungszeiten Feiertage und Jahreswechsel 2025\/2026<\/h5><span class=\"text\">\u00d6ffnungszeiten Feiertage und Jahreswechsel 2025\/2026.<\/span><\/div><div class=\"button-wrapper\"><a href=\"https:\/\/henconforestry.com\/de\/nachrichten\/oeffnungszeiten-feiertge-und-jahreswechel\/\" class=\"button\"><span class=\"button-text\">Mehr lesen<\/span><\/a><\/div><\/div><div class=\"swiper-slide nieuws post\"><div class=\"image-wrapper\"><img decoding=\"async\" class=\"image\" src=\"https:\/\/henconforestry.com\/wp-content\/uploads\/2025\/11\/John-Deere_1610G-loadspace-scaled.jpg\"\/><div class=\"date\">24-11-2025<\/div><\/div><div class=\"content-wrapper\"><h5 class=\"title\">Neue John Deere 1610G R\u00fcckezug<\/h5><span class=\"text\">Starke Leistung in Vertrauter Aufmachung: Der neue 1610G R\u00fcckezug verst\u00e4rkt die traditionelle G-Serie von John Deere Forstmaschinen.\u00a0<\/span><\/div><div class=\"button-wrapper\"><a href=\"https:\/\/henconforestry.com\/de\/nachrichten\/neue-john-deere-1610g-rueckezug\/\" class=\"button\"><span class=\"button-text\">Mehr lesen<\/span><\/a><\/div><\/div><div class=\"swiper-slide nieuws post\"><div class=\"image-wrapper\"><img decoding=\"async\" class=\"image\" src=\"https:\/\/henconforestry.com\/wp-content\/uploads\/2025\/11\/20251031_114742-scaled.jpg\"\/><div class=\"date\">13-11-2025<\/div><\/div><div class=\"content-wrapper\"><h5 class=\"title\">Kaffeeplausch mit Rinie<\/h5><span class=\"text\">Bei Hencon trinken wir gerne gemeinsam eine Tasse Kaffee. In \u201eKaffee mit ...\u201d sprechen wir jedes Mal mit einem anderen Kollegen. Dieses Mal ist Rinie Poelhuis an der Reihe, unser Servicetechniker der ersten Stunde.<\/span><\/div><div class=\"button-wrapper\"><a href=\"https:\/\/henconforestry.com\/de\/nachrichten\/kaffeeplausch-mit-rinie\/\" class=\"button\"><span class=\"button-text\">Mehr lesen<\/span><\/a><\/div><\/div><\/div><\/div><div class=\"nav-button prev nieuws\"><i class=\"fas fa-arrow-left\"><\/i><\/div><div class=\"nav-button next nieuws\"><i class=\"fas fa-arrow-right\"><\/i><\/div><div class=\"fusion-clearfix\"><\/div><\/div><\/div><\/div><\/div><div class=\"fusion-fullwidth fullwidth-box fusion-builder-row-4 fusion-flex-container has-pattern-background has-mask-background fusion-parallax-none half-background-right bottom-line nonhundred-percent-fullwidth non-hundred-percent-height-scrolling\" style=\"--awb-border-radius-top-left:0px;--awb-border-radius-top-right:0px;--awb-border-radius-bottom-right:0px;--awb-border-radius-bottom-left:0px;--awb-background-image:url(&quot;https:\/\/henconforestry.com\/wp-content\/uploads\/2023\/05\/forestry-bg.webp&quot;);--awb-background-size:cover;--awb-flex-wrap:wrap;\" ><div class=\"fusion-builder-row fusion-row fusion-flex-align-items-flex-start fusion-flex-justify-content-flex-end fusion-flex-content-wrap\" style=\"max-width:calc( 1200px + 64px );margin-left: calc(-64px \/ 2 );margin-right: calc(-64px \/ 2 );\"><div class=\"fusion-layout-column fusion_builder_column fusion-builder-column-5 fusion_builder_column_1_2 1_2 fusion-flex-column white-text\" style=\"--awb-bg-size:cover;--awb-width-large:50%;--awb-margin-top-large:0px;--awb-spacing-right-large:32px;--awb-margin-bottom-large:32px;--awb-spacing-left-large:64px;--awb-width-medium:50%;--awb-order-medium:0;--awb-spacing-right-medium:32px;--awb-spacing-left-medium:64px;--awb-width-small:100%;--awb-order-small:0;--awb-spacing-right-small:32px;--awb-spacing-left-small:32px;\"><div class=\"fusion-column-wrapper fusion-column-has-shadow fusion-flex-justify-content-flex-start fusion-content-layout-column\"><div class=\"fusion-title title fusion-title-6 fusion-sep-none fusion-title-text fusion-title-size-two\"><h2 class=\"fusion-title-heading title-heading-left\" style=\"margin:0;\">Be Proud. Join Hencon<\/h2><\/div><div class=\"fusion-text fusion-text-2\"><p>Entdecken Sie Hencon Forestry, den Spezialisten und H\u00e4ndler f\u00fcr John Deere Forstmaschinen und mobile Ger\u00e4te. Diese hochleistungsf\u00e4higen Hightech-Maschinen sind Teil unserer ma\u00dfgeschneiderten Gesamtl\u00f6sungen, und der Schl\u00fcssel zu Fortschritt und Betriebssicherheit. Die Entwicklung und Produktion von kundenspezifischen Anpassungen an diesen Maschinen findet in unserer hochmodernen Werkstatt in Ulft statt. Dort befindet sich auch unser Ausbildungszentrum, in dem unsere Spezialisten Sie gerne schulen, damit Sie sich in einem unserer gro\u00dfartigen Ingenieurberufe weiterentwickeln k\u00f6nnen. Zus\u00e4tzlich zu unseren internen Schulungsm\u00f6glichkeiten besuchen wir kontinuierlich John Deere-Kurse an verschiedenen Standorten. Auf diese Weise bleiben wir nicht nur auf dem neuesten Stand, sondern so bleibt es auch interessant!<\/p>\n<\/div><div ><a class=\"fusion-button button-flat fusion-button-default-size button-default fusion-button-default button-1 fusion-button-default-span fusion-button-default-type\" style=\"--button-border-radius-top-left:0;--button-border-radius-top-right:0;--button-border-radius-bottom-right:0;--button-border-radius-bottom-left:0;\" target=\"_self\" href=\"https:\/\/henconforestry.com\/de\/stellenangebote\/\"><span class=\"fusion-button-text\">Stellenangebote ansehen<\/span><\/a><\/div><\/div><\/div><\/div><\/div><div class=\"fusion-fullwidth fullwidth-box fusion-builder-row-5 has-pattern-background has-mask-background instagram-wrapper display-none nonhundred-percent-fullwidth non-hundred-percent-height-scrolling\" style=\"--awb-border-radius-top-left:0px;--awb-border-radius-top-right:0px;--awb-border-radius-bottom-right:0px;--awb-border-radius-bottom-left:0px;--awb-flex-wrap:wrap;\" ><div class=\"fusion-builder-row fusion-row\"><div class=\"fusion-layout-column fusion_builder_column fusion-builder-column-6 fusion_builder_column_1_1 1_1 fusion-one-full fusion-column-first fusion-column-last\" style=\"--awb-bg-size:cover;\" data-scroll-devices=\"small-visibility,medium-visibility,large-visibility\"><div class=\"fusion-column-wrapper fusion-column-has-shadow fusion-flex-column-wrapper-legacy\"><div class=\"fusion-title title fusion-title-7 fusion-sep-none fusion-title-center fusion-title-text fusion-title-size-two\"><h2 class=\"fusion-title-heading title-heading-center\" style=\"margin:0;\">Hencon Forestry in den sozialen Medien<\/h2><\/div>[instagram-feed layout=\"carousel\"]<div class=\"fusion-clearfix\"><\/div><\/div><\/div><\/div><\/div><div class=\"fusion-fullwidth fullwidth-box fusion-builder-row-6 hundred-percent-fullwidth non-hundred-percent-height-scrolling\" style=\"--awb-border-radius-top-left:0px;--awb-border-radius-top-right:0px;--awb-border-radius-bottom-right:0px;--awb-border-radius-bottom-left:0px;--awb-background-color:#ffffff;--awb-flex-wrap:wrap;\" ><div class=\"fusion-builder-row fusion-row\"><div class=\"fusion-layout-column fusion_builder_column fusion-builder-column-7 fusion_builder_column_1_1 1_1 fusion-one-full fusion-column-first fusion-column-last\" style=\"--awb-bg-size:cover;\"><div class=\"fusion-column-wrapper fusion-column-has-shadow fusion-flex-column-wrapper-legacy\"><div class=\"fusion-title title fusion-title-8 fusion-sep-none fusion-title-center fusion-title-text fusion-title-size-two\"><h2 class=\"fusion-title-heading title-heading-center\" style=\"margin:0;\">Hencon Partner<\/h2><\/div><div class=\"swiper-container leveranciers-wrapper logo-slider\"><div class=\"swiper-wrapper\"><div class=\"swiper-slide leveranciers logo\"><a class=\"image-wrapper\" href=\"https:\/\/www.ecoforst.at\/t-winch-2\/\" target=\"blank\"><img decoding=\"async\" class=\"image\" src=\"https:\/\/henconforestry.com\/wp-content\/uploads\/2023\/11\/twinch.webp\"\/><\/a><\/div><div class=\"swiper-slide leveranciers logo\"><a class=\"image-wrapper\" href=\"https:\/\/www.ofa.fi\/fi-en\/products\/ofa-tracks\" target=\"blank\"><img decoding=\"async\" class=\"image\" src=\"https:\/\/henconforestry.com\/wp-content\/uploads\/2023\/11\/ofa.webp\"\/><\/a><\/div><div class=\"swiper-slide leveranciers logo\"><a class=\"image-wrapper\" href=\"https:\/\/www.baltrotors.com\/en\" target=\"blank\"><img decoding=\"async\" class=\"image\" src=\"https:\/\/henconforestry.com\/wp-content\/uploads\/2021\/05\/logo_baltrotors.jpg\"\/><\/a><\/div><div class=\"swiper-slide leveranciers logo\"><a class=\"image-wrapper\" href=\"https:\/\/www.clarktracks.com\/\" target=\"blank\"><img decoding=\"async\" class=\"image\" src=\"https:\/\/henconforestry.com\/wp-content\/uploads\/2021\/05\/logo_clarktracks.png\"\/><\/a><\/div><div class=\"swiper-slide leveranciers logo\"><a class=\"image-wrapper\" href=\"https:\/\/www.palfingerepsilon.com\/en\" target=\"blank\"><img decoding=\"async\" class=\"image\" src=\"https:\/\/henconforestry.com\/wp-content\/uploads\/2021\/05\/logo_epsilon_palfinger.jpg\"\/><\/a><\/div><div class=\"swiper-slide leveranciers logo\"><a class=\"image-wrapper\" href=\"https:\/\/www.hsp.se\/en\/hsp-gripen-english\/\" target=\"blank\"><img decoding=\"async\" class=\"image\" src=\"https:\/\/henconforestry.com\/wp-content\/uploads\/2021\/05\/logo_gripen.jpg\"\/><\/a><\/div><div class=\"swiper-slide leveranciers logo\"><a class=\"image-wrapper\" href=\"https:\/\/www.hultdins.se\/\" target=\"blank\"><img decoding=\"async\" class=\"image\" src=\"https:\/\/henconforestry.com\/wp-content\/uploads\/2021\/05\/logo_hultdins.jpg\"\/><\/a><\/div><div class=\"swiper-slide leveranciers logo\"><a class=\"image-wrapper\" href=\"https:\/\/indexator.se\/en-GB\/\" target=\"blank\"><img decoding=\"async\" class=\"image\" src=\"https:\/\/henconforestry.com\/wp-content\/uploads\/2021\/05\/logo_indexator.jpg\"\/><\/a><\/div><div class=\"swiper-slide leveranciers logo\"><a class=\"image-wrapper\" href=\"https:\/\/xltraction.com\/en\/\" target=\"blank\"><img decoding=\"async\" class=\"image\" src=\"https:\/\/henconforestry.com\/wp-content\/uploads\/2021\/05\/logo_xlt_tracks.jpg\"\/><\/a><\/div><div class=\"swiper-slide leveranciers logo\"><a class=\"image-wrapper\" href=\"https:\/\/www.waratah.com\/\" target=\"blank\"><img decoding=\"async\" class=\"image\" src=\"https:\/\/henconforestry.com\/wp-content\/uploads\/2021\/05\/logo_waratah.jpg\"\/><\/a><\/div><div class=\"swiper-slide leveranciers logo\"><a class=\"image-wrapper\" href=\"https:\/\/www.veriga-lesce.com\/products\/veriga-forest\/?lang=en\" target=\"blank\"><img decoding=\"async\" class=\"image\" src=\"https:\/\/henconforestry.com\/wp-content\/uploads\/2021\/05\/logo_veriga.jpg\"\/><\/a><\/div><div class=\"swiper-slide leveranciers logo\"><a class=\"image-wrapper\" href=\"https:\/\/koneosapalvelu.fi\/en\/product-category\/vahva-grapples\/\" target=\"blank\"><img decoding=\"async\" class=\"image\" src=\"https:\/\/henconforestry.com\/wp-content\/uploads\/2021\/05\/logo_vahva.jpg\"\/><\/a><\/div><div class=\"swiper-slide leveranciers logo\"><a class=\"image-wrapper\" href=\"https:\/\/www.pewag.com\/shop\/en\/forestry-3.html\" target=\"blank\"><img decoding=\"async\" class=\"image\" src=\"https:\/\/henconforestry.com\/wp-content\/uploads\/2021\/05\/logo_pewag.jpg\"\/><\/a><\/div><div class=\"swiper-slide leveranciers logo\"><a class=\"image-wrapper\" href=\"https:\/\/www.parker.com\/\" target=\"blank\"><img decoding=\"async\" class=\"image\" src=\"https:\/\/henconforestry.com\/wp-content\/uploads\/2021\/05\/logo_parker.jpg\"\/><\/a><\/div><div class=\"swiper-slide leveranciers logo\"><a class=\"image-wrapper\" href=\"https:\/\/www.olofsfors.com\/\" target=\"blank\"><img decoding=\"async\" class=\"image\" src=\"https:\/\/henconforestry.com\/wp-content\/uploads\/2021\/05\/logo_olofsfors.jpg\"\/><\/a><\/div><div class=\"swiper-slide leveranciers logo\"><a class=\"image-wrapper\" href=\"https:\/\/www.deere.co.uk\/en\/forestry\/\" target=\"blank\"><img decoding=\"async\" class=\"image\" src=\"https:\/\/henconforestry.com\/wp-content\/uploads\/2021\/05\/logo_john_deere.jpg\"\/><\/a><\/div><\/div><\/div><div class=\"fusion-clearfix\"><\/div><\/div><\/div><\/div><\/div>\n<\/p>\n","protected":false},"excerpt":{"rendered":"","protected":false},"author":1,"featured_media":1169,"parent":0,"menu_order":0,"comment_status":"closed","ping_status":"open","template":"100-width.php","meta":{"footnotes":""},"class_list":["post-1168","page","type-page","status-publish","has-post-thumbnail","hentry"],"_links":{"self":[{"href":"https:\/\/henconforestry.com\/de\/wp-json\/wp\/v2\/pages\/1168","targetHints":{"allow":["GET"]}}],"collection":[{"href":"https:\/\/henconforestry.com\/de\/wp-json\/wp\/v2\/pages"}],"about":[{"href":"https:\/\/henconforestry.com\/de\/wp-json\/wp\/v2\/types\/page"}],"author":[{"embeddable":true,"href":"https:\/\/henconforestry.com\/de\/wp-json\/wp\/v2\/users\/1"}],"replies":[{"embeddable":true,"href":"https:\/\/henconforestry.com\/de\/wp-json\/wp\/v2\/comments?post=1168"}],"version-history":[{"count":13,"href":"https:\/\/henconforestry.com\/de\/wp-json\/wp\/v2\/pages\/1168\/revisions"}],"predecessor-version":[{"id":1640,"href":"https:\/\/henconforestry.com\/de\/wp-json\/wp\/v2\/pages\/1168\/revisions\/1640"}],"wp:featuredmedia":[{"embeddable":true,"href":"https:\/\/henconforestry.com\/de\/wp-json\/wp\/v2\/media\/1169"}],"wp:attachment":[{"href":"https:\/\/henconforestry.com\/de\/wp-json\/wp\/v2\/media?parent=1168"}],"curies":[{"name":"wp","href":"https:\/\/api.w.org\/{rel}","templated":true}]}}